{"id":74,"date":"2024-08-19T22:11:41","date_gmt":"2024-08-19T20:11:41","guid":{"rendered":"https:\/\/spanngummishop.com\/bezahlmoeglichkeiten\/"},"modified":"2025-09-19T22:27:09","modified_gmt":"2025-09-19T20:27:09","slug":"bezahlmoeglichkeiten","status":"publish","type":"page","link":"https:\/\/spanngummishop.com\/de\/bezahlmoeglichkeiten\/","title":{"rendered":"Zahlungsarten"},"content":{"rendered":"<div class=\"page\">\n<div class=\"layoutArea\">\n<div class=\"column\">\n<p>Zahlung und Versand<\/p>\n<\/div>\n<\/div>\n<div class=\"layoutArea\">\n<div class=\"column\">\n<p>Es gelten folgende Bedingungen:<\/p>\n<p>Versandbedingungen<\/p>\n<p>Die Lieferung erfolgt im Inland (Deutschland)<br \/>\nVersandkosten\u00a0(inklusive gesetzliche Mehrwertsteuer)<br \/>\nLieferungen im Inland (Deutschland):<br \/>\nWir berechnen die Versandkosten 8,42 \u20ac pro Bestellung.<\/p>\n<p>* (1) Lieferung am n\u00e4chsten Tag ist gegen Aufpreis innerhalb Deutschland m\u00f6glich (Lagerbestand vorausgesetzt). Next Day-Lieferungen sind nur von Montag bis Freitag m\u00f6glich. Samstagszustellungen werden nicht angeboten. Zwischenverkauf vorbehalten.<br \/>\nLieferungen ins Ausland:<br \/>\nWir berechnen die Versandkosten ins Ausland nach dem Bestellwert (Bruttowarenwert):<\/p>\n<p>Nichtzustellbarkeit bei Lieferungen<\/p>\n<p>Sollte die Ware auf Grund von folgenden Gr\u00fcnden bei Ihnen nicht zustellbar sein erheben wir wie nachfolgend aufgef\u00fchrt folgende Kosten:<\/p>\n<ul>\n<li>Mehrfach beim Zustellversuch nicht angetroffen<\/li>\n<li>Annahmeverweigerung der Lieferung<\/li>\n<li>Unkorrekte Angaben bei der Lieferadresse<\/li>\n<li>Lagerfristende Paketshop oder Depot<\/li>\n<\/ul>\n<p>Kosten<\/p>\n<ul>\n<li>Adress\u00e4nderung durch Paketdienst 5,95 \u20ac<\/li>\n<li>R\u00fccksendung der Ware 8,95 \u20ac<\/li>\n<li>Weitere Zustellung 6,90 \u20ac<\/li>\n<li>Bearbeitungsgeb\u00fchr 5,95 \u20ac<\/li>\n<li>Nachnahmegeb\u00fchren 11,95 \u20ac<\/li>\n<\/ul>\n<p>F\u00fcr Umbuchungen &#8211; R\u00fcckbuchungen, Falschzahlungen so wie Doppelzahlung etc. die wir nicht zu verantworten haben und die nicht das offizielle R\u00fcckgaberecht betreffen verrechnen wir eine Pauschale in H\u00f6he von 15 \u20ac, zzgl. Mwst.<\/p>\n<p>Lieferfristen<\/p>\n<p>Soweit im jeweiligen Angebot keine andere Frist angegeben ist, erfolgt die Lieferung der Ware im Inland (Deutschland) innerhalb von 1 &#8211; 5 Tagen, bei Auslandslieferungen innerhalb von 2 &#8211; 7 Tagen nach Vertragsschluss (bei vereinbarter Vorauszahlung nach dem Zeitpunkt Ihrer Zahlungsanweisung). Beachten Sie, dass an Sonn- und Feiertagen keine Zustellung erfolgt.<\/p>\n<p>Haben Sie Artikel mit unterschiedlichen Lieferzeiten bestellt, versenden wir die Ware in einer gemeinsamen Sendung, sofern wir keine abweichenden Vereinbarungen mit Ihnen getroffen haben. Die Lieferzeit bestimmt sich in diesem Fall nach dem Artikel mit der la\u0308ngsten Lieferzeit den Sie bestellt haben.<\/p>\n<p>Bei Selbstabholung informieren wir Sie per E-Mail u\u0308ber die Bereitstellung der Ware und die Abholmo\u0308glichkeiten. In diesem Fall werden keine Versandkosten berechnet.<\/p>\n<p>Zahlungsbedingungen<br \/>\nBei Lieferungen im Inland (Deutschland) haben Sie folgende Zahlungsmo\u0308glichkeiten:<\/p>\n<p>&#8211;\u00a0Barzahlung bei Abholung<br \/>\n&#8211;\u00a0Vorkasse per U\u0308berweisung<br \/>\n&#8211;\u00a0Zahlung per Nachnahme (zzgl. Nachnahmegebu\u0308hr 6,90 \u20ac)\u00a0&#8211;\u00a0Zahlung per SEPA-Basislastschrift<br \/>\n&#8211;\u00a0Zahlung per PayPal<br \/>\n&#8211; Zahlung per PayPal (Kreditkarte, Lastschrift, Rechnung)<\/p>\n<\/div>\n<\/div>\n<\/div>\n<div class=\"page\">\n<div class=\"layoutArea\">\n<div class=\"column\">\n<ul>\n<li>&#8211; \u00a0Zahlung per Rechnung<\/li>\n<li>&#8211; \u00a0Zahlung per Sofort<br \/>\n&#8211;\u00a0Zahlung per amazon payments<\/p>\n<p>Bei Lieferungen ins Ausland haben Sie folgende Zahlungsmo\u0308glichkeiten:<\/li>\n<\/ul>\n<ul>\n<li>&#8211; \u00a0Vorkasse per U\u0308berweisung<\/li>\n<li>&#8211; \u00a0Zahlung per PayPal<\/li>\n<li>&#8211; \u00a0Zahlung per PayPal (Kreditkarte, Lastschrift, Rechnung)<\/li>\n<li>&#8211; \u00a0Zahlung per Sofort<\/li>\n<li>&#8211; \u00a0Zahlung per amazon payments\n<p>Weitere Einzelheiten zur Zahlung<\/p>\n<p>Der Rechnungsbetrag ist bei Zahlung auf Rechnung innerhalb von 30 Tagen auszugleichen.<\/p>\n<p>Bei Zahlung per SEPA-Basislastschrift oder per SEPA-Firmenlastschrift erma\u0308chtigen Sie uns durch Erteilung eines entsprechenden SEPA-Mandats, den Rechnungsbetrag vom angegebenen Konto einzuziehen. Sie erhalten eine Vorabanku\u0308ndigung (Pre-Notification) mindestens 5 Tage vor dem Datum des Lastschrifteinzugs. Beachten Sie bitte, dass Sie verpflichtet sind fu\u0308r die ausreichende Deckung des Kontos zum angeku\u0308ndigten Datum zu sorgen.<\/p>\n<p>Bei Fragen finden Sie unsere Kontaktdaten im Impressum.<\/li>\n<\/ul>\n<\/div>\n<\/div>\n<\/div>\n","protected":false},"excerpt":{"rendered":"<p>Zahlung und Versand Es gelten folgende Bedingungen: Versandbedingungen Die Lieferung erfolgt im Inland (Deutschland) Versandkosten\u00a0(inklusive gesetzliche Mehrwertsteuer) Lieferungen im Inland [&hellip;]<\/p>\n","protected":false},"author":1,"featured_media":0,"parent":0,"menu_order":0,"comment_status":"closed","ping_status":"closed","template":"","meta":{"site-sidebar-layout":"default","site-content-layout":"","ast-site-content-layout":"default","site-content-style":"default","site-sidebar-style":"default","ast-global-header-display":"","ast-banner-title-visibility":"","ast-main-header-display":"","ast-hfb-above-header-display":"","ast-hfb-below-header-display":"","ast-hfb-mobile-header-display":"","site-post-title":"","ast-breadcrumbs-content":"","ast-featured-img":"","footer-sml-layout":"","theme-transparent-header-meta":"","adv-header-id-meta":"","stick-header-meta":"","header-above-stick-meta":"","header-main-stick-meta":"","header-below-stick-meta":"","astra-migrate-meta-layouts":"default","ast-page-background-enabled":"default","ast-page-background-meta":{"desktop":{"background-color":"var(--ast-global-color-5)","background-image":"","background-repeat":"repeat","background-position":"center center","background-size":"auto","background-attachment":"scroll","background-type":"","background-media":"","overlay-type":"","overlay-color":"","overlay-opacity":"","overlay-gradient":""},"tablet":{"background-color":"","background-image":"","background-repeat":"repeat","background-position":"center center","background-size":"auto","background-attachment":"scroll","background-type":"","background-media":"","overlay-type":"","overlay-color":"","overlay-opacity":"","overlay-gradient":""},"mobile":{"background-color":"","background-image":"","background-repeat":"repeat","background-position":"center center","background-size":"auto","background-attachment":"scroll","background-type":"","background-media":"","overlay-type":"","overlay-color":"","overlay-opacity":"","overlay-gradient":""}},"ast-content-background-meta":{"desktop":{"background-color":"var(--ast-global-color-4)","background-image":"","background-repeat":"repeat","background-position":"center center","background-size":"auto","background-attachment":"scroll","background-type":"","background-media":"","overlay-type":"","overlay-color":"","overlay-opacity":"","overlay-gradient":""},"tablet":{"background-color":"var(--ast-global-color-4)","background-image":"","background-repeat":"repeat","background-position":"center center","background-size":"auto","background-attachment":"scroll","background-type":"","background-media":"","overlay-type":"","overlay-color":"","overlay-opacity":"","overlay-gradient":""},"mobile":{"background-color":"var(--ast-global-color-4)","background-image":"","background-repeat":"repeat","background-position":"center center","background-size":"auto","background-attachment":"scroll","background-type":"","background-media":"","overlay-type":"","overlay-color":"","overlay-opacity":"","overlay-gradient":""}},"footnotes":""},"class_list":["post-74","page","type-page","status-publish","hentry"],"_links":{"self":[{"href":"https:\/\/spanngummishop.com\/de\/wp-json\/wp\/v2\/pages\/74","targetHints":{"allow":["GET"]}}],"collection":[{"href":"https:\/\/spanngummishop.com\/de\/wp-json\/wp\/v2\/pages"}],"about":[{"href":"https:\/\/spanngummishop.com\/de\/wp-json\/wp\/v2\/types\/page"}],"author":[{"embeddable":true,"href":"https:\/\/spanngummishop.com\/de\/wp-json\/wp\/v2\/users\/1"}],"replies":[{"embeddable":true,"href":"https:\/\/spanngummishop.com\/de\/wp-json\/wp\/v2\/comments?post=74"}],"version-history":[{"count":0,"href":"https:\/\/spanngummishop.com\/de\/wp-json\/wp\/v2\/pages\/74\/revisions"}],"wp:attachment":[{"href":"https:\/\/spanngummishop.com\/de\/wp-json\/wp\/v2\/media?parent=74"}],"curies":[{"name":"wp","href":"https:\/\/api.w.org\/{rel}","templated":true}]}}