{"id":8764,"date":"2024-08-19T22:11:41","date_gmt":"2024-08-19T20:11:41","guid":{"rendered":"https:\/\/spanngummishop.com\/politica-de-cancelacion-devoluciones\/"},"modified":"2025-12-09T00:31:18","modified_gmt":"2025-12-08T23:31:18","slug":"politica-de-cancelacion-devoluciones","status":"publish","type":"page","link":"https:\/\/spanngummishop.com\/es\/politica-de-cancelacion-devoluciones\/","title":{"rendered":"Pol\u00edtica de cancelaci\u00f3n &#8211; Devoluciones"},"content":{"rendered":"\n<p><\/p>\n\n<p>El derecho de desistimiento no se aplica a los contratos de venta a distancia para la entrega de bienes que no est\u00e9n prefabricados, que ya est\u00e9n siendo procesados y para cuya fabricaci\u00f3n sea decisiva una selecci\u00f3n o determinaci\u00f3n individual por parte del consumidor o que est\u00e9n claramente adaptados a las necesidades personales del consumidor Si eres empresario en el sentido del art\u00edculo 14 del C\u00f3digo Civil alem\u00e1n (BGB) y est\u00e1s actuando en el ejercicio de tu actividad comercial o aut\u00f3noma al celebrar el contrato, no se aplica el derecho de desistimiento.<\/p>\n\n<p>Derecho de cancelaci\u00f3n para los consumidores<\/p>\n\n<p>(Se considera consumidor a toda persona f\u00edsica que celebre un negocio jur\u00eddico con fines predominantemente ajenos a su actividad comercial, empresarial o profesional).<\/p>\n\n<p>Pol\u00edtica de cancelaci\u00f3n<\/p>\n\n<p>Tienes derecho a rescindir este contrato en un plazo de catorce d\u00edas sin indicar motivo alguno. El plazo de cancelaci\u00f3n es de catorce d\u00edas a partir de la fecha, <\/p>\n\n<p>&#8211; en el que t\u00fa o un tercero nombrado por ti, que no sea el transportista, tenga o haya tomado posesi\u00f3n de los bienes, siempre que hayas encargado uno o varios bienes como parte de un \u00fanico pedido y \u00e9stos sean o vayan a ser entregados de manera uniforme;<\/p>\n\n<p>&#8211; en la que t\u00fa o un tercero nombrado por ti, que no sea el transportista, haya tomado posesi\u00f3n de la \u00faltima mercanc\u00eda, siempre que hayas pedido varias mercanc\u00edas como parte de un \u00fanico pedido y \u00e9stas se entreguen por separado;<\/p>\n\n<p>&#8211; en la que t\u00fa o un tercero nombrado por ti, que no sea el transportista, haya tomado posesi\u00f3n del \u00faltimo env\u00edo parcial o de la \u00faltima pieza, si has encargado mercanc\u00edas que se entregan en varios env\u00edos parciales o piezas;<\/p>\n\n<p>Para ejercer el derecho de cancelaci\u00f3n, debes informarnos (Thomas Kraus, Weberschlag 14a, 92729 Weiherhammer, Alemania, n\u00famero de fax: 096163459990, direcci\u00f3n de correo electr\u00f3nico: widerruf@spanngummishop.de) de tu decisi\u00f3n de cancelar este contrato mediante una declaraci\u00f3n clara (por ejemplo, una carta enviada por correo postal, fax o correo electr\u00f3nico). Puedes utilizar el modelo de formulario de cancelaci\u00f3n adjunto, pero no es obligatorio. <\/p>\n\n<p>Para cumplir el plazo de cancelaci\u00f3n, basta con que env\u00edes tu notificaci\u00f3n de ejercicio del derecho de cancelaci\u00f3n antes de que expire el plazo de cancelaci\u00f3n.<\/p>\n\n<p>Consecuencias de la cancelaci\u00f3n<\/p>\n\n<p>Si desistes del presente contrato, te reembolsaremos todos los pagos que hayamos recibido de ti, incluidos los gastos de entrega (con excepci\u00f3n de los gastos suplementarios resultantes de la elecci\u00f3n por tu parte de un tipo de entrega distinto del tipo menos costoso de entrega est\u00e1ndar que ofrezcamos), sin ninguna demora indebida y, en cualquier caso, a m\u00e1s tardar 14 d\u00edas a partir del d\u00eda en que se nos informe de tu decisi\u00f3n de desistir del presente contrato. Para este reembolso, utilizaremos el mismo medio de pago que utilizaste para la transacci\u00f3n original, a menos que se acuerde expresamente otra cosa contigo; en ning\u00fan caso se te cobrar\u00e1n comisiones por este reembolso. <\/p>\n\n<p>Podemos negarnos a reembolsarte el importe hasta que hayamos recibido la mercanc\u00eda de vuelta o hasta que hayas presentado una prueba de que has devuelto la mercanc\u00eda, lo que ocurra primero.<\/p>\n\n<p>Debes devolvernos o entregarnos los bienes inmediatamente y, en cualquier caso, en un plazo m\u00e1ximo de catorce d\u00edas a partir del d\u00eda en que nos comuniques la rescisi\u00f3n del presente contrato. El plazo se cumple si env\u00edas los bienes antes de que haya expirado el plazo de catorce d\u00edas. <\/p>\n\n<p>Correr\u00e1s con los costes directos de la devoluci\u00f3n de mercanc\u00edas que puedan enviarse por paquete postal y con los costes directos de la devoluci\u00f3n de mercanc\u00edas que no puedan enviarse por paquete postal. Los costes de las mercanc\u00edas que no pueden enviarse por paquete postal se estiman en un m\u00e1ximo de unos 60 euros. <\/p>\n\n<p>S\u00f3lo tendr\u00e1s que pagar por la p\u00e9rdida de valor de los bienes si dicha p\u00e9rdida de valor se debe a una manipulaci\u00f3n de los bienes que no sea necesaria para comprobar su estado, propiedades y funcionalidad.<\/p>\n\n<p>Motivos de exclusi\u00f3n o cancelaci\u00f3n<\/p>\n\n<p>El derecho de rescisi\u00f3n no se aplica a los contratos<\/p>\n\n<p>&#8211; Para productos por metros y cortes a medida y producci\u00f3n de productos como nuestros productos de la categor\u00eda \u00abA medida\u00bb.<\/p>\n\n<p>&#8211; para la entrega de bienes que no sean prefabricados y para cuya fabricaci\u00f3n sea decisiva una selecci\u00f3n o determinaci\u00f3n individual por parte del consumidor o que est\u00e9n claramente adaptados a las necesidades personales del consumidor;<\/p>\n\n<p>&#8211; para la entrega de bienes que pueden estropearse r\u00e1pidamente o cuya fecha de caducidad se superar\u00eda r\u00e1pidamente; &#8211; para la entrega de bebidas alcoh\u00f3licas cuyo precio se acord\u00f3 al celebrar el contrato, pero que pueden entregarse como muy pronto 30 d\u00edas despu\u00e9s de la celebraci\u00f3n del contrato y cuyo valor actual depende de las fluctuaciones del mercado sobre las que el empresario no tiene influencia;<\/p>\n\n<p>&#8211; para la entrega de diarios, peri\u00f3dicos o revistas, con excepci\u00f3n de los contratos de suscripci\u00f3n. El derecho de cancelaci\u00f3n expira prematuramente para los contratos <\/p>\n\n<p>&#8211; para la entrega de mercanc\u00edas precintadas que no sean aptas para ser devueltas por razones de protecci\u00f3n de la salud o de higiene, si su precinto ha sido retirado despu\u00e9s de la entrega;<br\/>&#8211; para la entrega de mercanc\u00edas si se han mezclado inseparablemente con otras mercanc\u00edas despu\u00e9s de la entrega debido a su naturaleza;<br\/>&#8211; para la entrega de grabaciones sonoras o de v\u00eddeo o de programas inform\u00e1ticos en un paquete precintado, si el precinto ha sido retirado despu\u00e9s de la entrega.<\/p>\n\n<p>Modelo de formulario de cancelaci\u00f3n<\/p>\n\n<p>(Si deseas cancelar el contrato, rellena y devuelve este formulario).<\/p>\n\n<p>&#8211; A Thomas Kraus, Gewerbegebiet Weberschlag, Weberschlag 14a, 92729 Weiherhammer, n\u00famero de fax: 096163459990, direcci\u00f3n de correo electr\u00f3nico: shop@spanngummishop.de :<\/p>\n\n<p>&#8211; Por la presente, yo\/nosotros (*) rescindimos el contrato celebrado por m\u00ed\/nosotros (*) para la compra de lo siguiente<\/p>\n\n<p>Bienes (*)\/<br\/>la prestaci\u00f3n del siguiente servicio (*)<\/p>\n\n<p>&#8211; Pedido el (*)\/ recibido el (*)<\/p>\n\n<p>&#8211; Nombre del consumidor o consumidores<br\/>&#8211; Direcci\u00f3n del consumidor o consumidores<br\/>&#8211; Firma del consumidor o consumidores (s\u00f3lo para notificaciones en papel) &#8211; Fecha<\/p>\n\n<p>(*) T\u00e1chese lo que no proceda.<\/p>\n","protected":false},"excerpt":{"rendered":"<p>El derecho de desistimiento no se aplica a los contratos de venta a distancia para la entrega de bienes que [&hellip;]<\/p>\n","protected":false},"author":1,"featured_media":0,"parent":0,"menu_order":0,"comment_status":"closed","ping_status":"closed","template":"","meta":{"site-sidebar-layout":"default","site-content-layout":"","ast-site-content-layout":"default","site-content-style":"default","site-sidebar-style":"default","ast-global-header-display":"","ast-banner-title-visibility":"","ast-main-header-display":"","ast-hfb-above-header-display":"","ast-hfb-below-header-display":"","ast-hfb-mobile-header-display":"","site-post-title":"","ast-breadcrumbs-content":"","ast-featured-img":"","footer-sml-layout":"","theme-transparent-header-meta":"","adv-header-id-meta":"","stick-header-meta":"","header-above-stick-meta":"","header-main-stick-meta":"","header-below-stick-meta":"","astra-migrate-meta-layouts":"default","ast-page-background-enabled":"default","ast-page-background-meta":{"desktop":{"background-color":"var(--ast-global-color-5)","background-image":"","background-repeat":"repeat","background-position":"center center","background-size":"auto","background-attachment":"scroll","background-type":"","background-media":"","overlay-type":"","overlay-color":"","overlay-opacity":"","overlay-gradient":""},"tablet":{"background-color":"","background-image":"","background-repeat":"repeat","background-position":"center center","background-size":"auto","background-attachment":"scroll","background-type":"","background-media":"","overlay-type":"","overlay-color":"","overlay-opacity":"","overlay-gradient":""},"mobile":{"background-color":"","background-image":"","background-repeat":"repeat","background-position":"center center","background-size":"auto","background-attachment":"scroll","background-type":"","background-media":"","overlay-type":"","overlay-color":"","overlay-opacity":"","overlay-gradient":""}},"ast-content-background-meta":{"desktop":{"background-color":"var(--ast-global-color-4)","background-image":"","background-repeat":"repeat","background-position":"center center","background-size":"auto","background-attachment":"scroll","background-type":"","background-media":"","overlay-type":"","overlay-color":"","overlay-opacity":"","overlay-gradient":""},"tablet":{"background-color":"var(--ast-global-color-4)","background-image":"","background-repeat":"repeat","background-position":"center center","background-size":"auto","background-attachment":"scroll","background-type":"","background-media":"","overlay-type":"","overlay-color":"","overlay-opacity":"","overlay-gradient":""},"mobile":{"background-color":"var(--ast-global-color-4)","background-image":"","background-repeat":"repeat","background-position":"center center","background-size":"auto","background-attachment":"scroll","background-type":"","background-media":"","overlay-type":"","overlay-color":"","overlay-opacity":"","overlay-gradient":""}},"footnotes":""},"class_list":["post-8764","page","type-page","status-publish","hentry"],"_links":{"self":[{"href":"https:\/\/spanngummishop.com\/es\/wp-json\/wp\/v2\/pages\/8764","targetHints":{"allow":["GET"]}}],"collection":[{"href":"https:\/\/spanngummishop.com\/es\/wp-json\/wp\/v2\/pages"}],"about":[{"href":"https:\/\/spanngummishop.com\/es\/wp-json\/wp\/v2\/types\/page"}],"author":[{"embeddable":true,"href":"https:\/\/spanngummishop.com\/es\/wp-json\/wp\/v2\/users\/1"}],"replies":[{"embeddable":true,"href":"https:\/\/spanngummishop.com\/es\/wp-json\/wp\/v2\/comments?post=8764"}],"version-history":[{"count":0,"href":"https:\/\/spanngummishop.com\/es\/wp-json\/wp\/v2\/pages\/8764\/revisions"}],"wp:attachment":[{"href":"https:\/\/spanngummishop.com\/es\/wp-json\/wp\/v2\/media?parent=8764"}],"curies":[{"name":"wp","href":"https:\/\/api.w.org\/{rel}","templated":true}]}}