{"id":8772,"date":"2024-08-19T22:11:41","date_gmt":"2024-08-19T20:11:41","guid":{"rendered":"https:\/\/spanngummishop.com\/agb-condiciones-generales\/"},"modified":"2025-12-09T00:31:34","modified_gmt":"2025-12-08T23:31:34","slug":"agb-condiciones-generales","status":"publish","type":"page","link":"https:\/\/spanngummishop.com\/es\/agb-condiciones-generales\/","title":{"rendered":"AGB &#8211; Condiciones generales"},"content":{"rendered":"\n<p>Condiciones Generales Informaci\u00f3n Legal y del Cliente I. Condiciones Generales<br\/>\u00a7 1 Disposiciones b\u00e1sicas<\/p>\n\n<p>(1) Las siguientes condiciones comerciales son aplicables a todos los contratos que celebres con nosotros como proveedor (Thomas Kraus) a trav\u00e9s del sitio web www.spanngummishop.de. Salvo pacto en contrario, se rechaza por la presente la inclusi\u00f3n de tus propios t\u00e9rminos y condiciones, si los hubiere. <\/p>\n\n<p>(2) Un consumidor, en el sentido de las disposiciones siguientes, es cualquier persona f\u00edsica que celebre un negocio jur\u00eddico con fines predominantemente ajenos a su actividad comercial, empresarial o profesional. Un empresario es toda persona f\u00edsica o jur\u00eddica o una sociedad con capacidad jur\u00eddica que, al celebrar un negocio jur\u00eddico, act\u00faa en ejercicio de su actividad profesional o comercial independiente. <\/p>\n\n<p>\u00a7 2 Conclusi\u00f3n del contrato<br\/>(1) El objeto del contrato es la venta de bienes.<\/p>\n\n<p>(2) Al colocar el producto correspondiente en nuestro sitio web, te hacemos una oferta vinculante para celebrar un contrato en las condiciones especificadas en la descripci\u00f3n del art\u00edculo.<\/p>\n\n<p>(3) El contrato se celebra a trav\u00e9s del sistema de cesta de la compra online de la siguiente manera:<br\/>Los productos que se pretenden comprar se colocan en la \u00abcesta de la compra\u00bb. Puedes acceder a la \u00abcesta de la compra\u00bb a trav\u00e9s del bot\u00f3n correspondiente de la barra de navegaci\u00f3n y realizar cambios en ella en cualquier momento.<br\/>Tras acceder a la p\u00e1gina \u00abRealizar pedido\u00bb e introducir los datos personales, as\u00ed como las condiciones de pago y env\u00edo, todos los datos del pedido se muestran finalmente de nuevo en la p\u00e1gina de resumen del pedido. Si utilizas un sistema de pago instant\u00e1neo (por ejemplo, PayPal \/ PayPal Express, Amazon-Payments, Postpay, Sofort) como m\u00e9todo de pago, se te redirigir\u00e1 a la p\u00e1gina de resumen del pedido en nuestra tienda online o se te redirigir\u00e1 primero al sitio web del proveedor del sistema de pago instant\u00e1neo.<br\/>Si se te redirige al sistema de pago instant\u00e1neo correspondiente, realiza la selecci\u00f3n adecuada o introduce tus datos all\u00ed. Finalmente, ser\u00e1s redirigido de nuevo a nuestra tienda online en la p\u00e1gina de resumen del pedido.<br\/>Antes de enviar el pedido, tienes la opci\u00f3n de comprobar de nuevo todos los detalles aqu\u00ed, cambiarlos (tambi\u00e9n a trav\u00e9s de la funci\u00f3n \u00abatr\u00e1s\u00bb del navegador de Internet) o cancelar la compra.<br\/>Al enviar el pedido a trav\u00e9s del bot\u00f3n \u00abpedido con obligaci\u00f3n de pago\u00bb, declaras la aceptaci\u00f3n de la oferta de forma legalmente vinculante, por lo que se celebra el contrato.   <\/p>\n\n<p>(4) Tus consultas sobre la preparaci\u00f3n de una oferta no son vinculantes para ti. Te presentaremos una oferta vinculante en forma de texto (por ejemplo, por correo electr\u00f3nico), que podr\u00e1s aceptar en un plazo de 5 d\u00edas. <\/p>\n\n<p>(5) La tramitaci\u00f3n del pedido y la transmisi\u00f3n de todos los datos relacionados con la celebraci\u00f3n del contrato<\/p>\n\n<p>La informaci\u00f3n necesaria se env\u00eda por correo electr\u00f3nico, en algunos casos autom\u00e1ticamente. Por lo tanto, debes asegurarte de que la direcci\u00f3n de correo electr\u00f3nico que nos has facilitado es correcta, de que la recepci\u00f3n de los correos electr\u00f3nicos est\u00e1 t\u00e9cnicamente garantizada y, en particular, de que no lo impiden los filtros de SPAM. <\/p>\n\n<p>\u00a7 3 Acuerdos especiales sobre los medios de pago ofrecidos<\/p>\n\n<p>(1) Domiciliaci\u00f3n SEPA (domiciliaci\u00f3n b\u00e1sica y\/o de empresa)<\/p>\n\n<p>Al pagar mediante adeudo directo b\u00e1sico SEPA o adeudo directo SEPA entre empresas, nos autorizas a cobrar el importe de la factura de la cuenta especificada mediante la emisi\u00f3n del correspondiente mandato SEPA.<br\/>El adeudo directo se cobrar\u00e1 en un plazo de 4 d\u00edas tras la celebraci\u00f3n del contrato.<br\/>El plazo para enviar la notificaci\u00f3n previa se reduce a 5 d\u00edas antes de la fecha de vencimiento. Tienes la obligaci\u00f3n de asegurarte de que tu cuenta tiene fondos suficientes en la fecha de vencimiento. En caso de devoluci\u00f3n del adeudo directo por tu culpa, deber\u00e1s correr con los gastos bancarios ocasionados.  <\/p>\n\n<p>\u00a7 4 Derecho de retenci\u00f3n, reserva de dominio<br\/>(1) S\u00f3lo podr\u00e1s ejercer un derecho de retenci\u00f3n en la medida en que se refiera a reclamaciones derivadas del mismo contrato.<\/p>\n\n<p>relaci\u00f3n contractual.<br\/>(2) La mercanc\u00eda seguir\u00e1 siendo de nuestra propiedad hasta que el precio de compra haya sido abonado en su totalidad. (3) Si eres empresario, tambi\u00e9n se aplica lo siguiente: <\/p>\n\n<p>a) Nos reservamos la propiedad de la mercanc\u00eda hasta que todas las reclamaciones derivadas de la relaci\u00f3n comercial actual hayan sido satisfechas en su totalidad. No se permite la pignoraci\u00f3n ni la transferencia de la propiedad a modo de garant\u00eda antes de la transferencia de la propiedad de la mercanc\u00eda reservada. <\/p>\n\n<p>b) Puedes revender la mercanc\u00eda en el curso ordinario de tu negocio. En este caso, por la presente nos cedes todas las reclamaciones por el importe de la factura que te correspondan por la reventa; aceptamos la cesi\u00f3n. Adem\u00e1s, est\u00e1s autorizado a cobrar la reclamaci\u00f3n. Sin embargo, si no cumples debidamente tus obligaciones de pago, nos reservamos el derecho a cobrar la reclamaci\u00f3n nosotros mismos.   <\/p>\n\n<p>c) Si las mercanc\u00edas sujetas a reserva de dominio se combinan y mezclan, adquiriremos la copropiedad del nuevo art\u00edculo en la proporci\u00f3n del valor de factura de las mercanc\u00edas sujetas a reserva de dominio con respecto a los dem\u00e1s art\u00edculos procesados en el momento del procesamiento.<\/p>\n\n<p>d) Nos comprometemos a liberar las garant\u00edas que nos correspondan a petici\u00f3n tuya en la medida en que el valor realizable de nuestras garant\u00edas supere en m\u00e1s de un 10% el cr\u00e9dito a garantizar. La selecci\u00f3n de los valores a liberar nos corresponder\u00e1 a nosotros. <\/p>\n\n<p>e) Para las devoluciones, cobramos el 20% del importe del pedido como tasa de reposici\u00f3n, m\u00e1s los gastos de env\u00edo de ida. <\/p>\n\n<p>\u00a7 5 Garant\u00eda<\/p>\n\n<p>(1) Se aplicar\u00e1 la responsabilidad legal por defectos.<\/p>\n\n<p>(2) Como consumidor, se te pide que compruebes la mercanc\u00eda inmediatamente despu\u00e9s de la entrega para ver si est\u00e1 completa, si tiene defectos evidentes y si ha sufrido da\u00f1os durante el transporte, y que nos notifiques a nosotros y al transportista cualquier reclamaci\u00f3n lo antes posible. Si no lo haces, ello no afectar\u00e1 a tus derechos de garant\u00eda legales. <\/p>\n\n<p>(3) Si eres empresario, se aplicar\u00e1 lo siguiente en desviaci\u00f3n de las disposiciones de garant\u00eda anteriores:<\/p>\n\n<p>a) S\u00f3lo nuestras propias especificaciones y la descripci\u00f3n del producto del fabricante se considerar\u00e1n acordes con la calidad del art\u00edculo, pero no otra publicidad, promociones p\u00fablicas y declaraciones del fabricante.<\/p>\n\n<p>b) En caso de defectos, cumpliremos la garant\u00eda, a nuestra elecci\u00f3n, mediante rectificaci\u00f3n o entrega posterior. Si la rectificaci\u00f3n de los defectos fracasa, podr\u00e1s, a tu elecci\u00f3n, exigir una reducci\u00f3n del precio o rescindir el contrato. La subsanaci\u00f3n de defectos se considerar\u00e1 fallida tras un segundo intento infructuoso, salvo que la naturaleza del art\u00edculo o del defecto u otras circunstancias indiquen lo contrario. En caso de subsanaci\u00f3n de defectos, no estaremos obligados a asumir el aumento de los costes derivados del transporte de la mercanc\u00eda a un lugar distinto del lugar de cumplimiento, siempre que el transporte no se corresponda con el uso previsto de la mercanc\u00eda.   <\/p>\n\n<p>c) El plazo de garant\u00eda es de un a\u00f1o a partir de la entrega de la mercanc\u00eda. No se aplicar\u00e1 la reducci\u00f3n del plazo: <\/p>\n\n<p>&#8211; por da\u00f1os causados culposamente, imputables a nosotros, derivados de lesiones a la vida, la integridad f\u00edsica o la salud y por otros da\u00f1os causados intencionadamente o por negligencia grave;<br\/>&#8211; en la medida en que hayamos ocultado fraudulentamente el defecto o hayamos asumido una garant\u00eda por la calidad del art\u00edculo;<br\/>&#8211; por art\u00edculos que hayan sido utilizados para un edificio de acuerdo con su uso normal y hayan causado su defectuosidad;<br\/>&#8211; por reclamaciones de recurso legal que tengas contra nosotros en relaci\u00f3n con los derechos de garant\u00eda.<\/p>\n\n<p>\u00a7 6 Elecci\u00f3n de la ley<\/p>\n\n<p>(1) Se aplicar\u00e1 la legislaci\u00f3n alemana. En el caso de los consumidores, esta elecci\u00f3n de la ley s\u00f3lo se aplicar\u00e1 en la medida en que no se suprima la protecci\u00f3n que ofrecen las disposiciones imperativas de la ley del estado de residencia habitual del consumidor (principio de favorabilidad). <\/p>\n\n<p>(2) No se aplicar\u00e1n expresamente las disposiciones de la Convenci\u00f3n de las Naciones Unidas sobre los Contratos de Compraventa Internacional de Mercader\u00edas.<\/p>\n\n<pre class=\"wp-block-preformatted\">_______________________________________________________________________________________\n<\/pre>\n\n<p>II Informaci\u00f3n al cliente<\/p>\n\n<p>1. identidad del vendedor<\/p>\n\n<p>Thomas Kraus<br\/>Weberschlag 14a<br\/>92729 Weiherhammer<br\/>Alemania<br\/>Tel\u00e9fono: 09613814600<br\/>Correo electr\u00f3nico: shop@spanngummishop.de<\/p>\n\n<p>Resoluci\u00f3n alternativa de conflictos:<\/p>\n\n<p>La Comisi\u00f3n Europea ofrece una plataforma para la resoluci\u00f3n extrajudicial de litigios en l\u00ednea (plataforma RLL), a la que se puede acceder en https:\/\/ec.europa.eu\/odr.<\/p>\n\n<p>2. informaci\u00f3n sobre la celebraci\u00f3n del contrato<\/p>\n\n<p>Los pasos t\u00e9cnicos para la celebraci\u00f3n del contrato, la celebraci\u00f3n del contrato en s\u00ed y las opciones de correcci\u00f3n se llevan a cabo de acuerdo con las disposiciones \u00abCelebraci\u00f3n del contrato\u00bb de nuestras Condiciones Generales (Parte I.).<\/p>\n\n<p>3. lenguaje contractual, almacenamiento de texto contractual<\/p>\n\n<p>3.1. El idioma del contrato es el alem\u00e1n.<\/p>\n\n<p>3.2. No guardamos el texto completo del contrato. Antes de enviar el pedido a trav\u00e9s del sistema de cesta de la compra online, los datos del contrato pueden imprimirse utilizando la funci\u00f3n de impresi\u00f3n del navegador o guardarse electr\u00f3nicamente. Una vez que hayamos recibido el pedido, te enviaremos de nuevo por correo electr\u00f3nico los datos del pedido, la informaci\u00f3n exigida por la ley para los contratos de venta a distancia y las Condiciones Generales.  <\/p>\n\n<p>3.3. En el caso de solicitudes de presupuesto fuera del sistema de cesta de la compra online, recibir\u00e1s todos los datos contractuales como parte de una oferta vinculante en forma de texto, por ejemplo, por correo electr\u00f3nico, que podr\u00e1s imprimir o guardar electr\u00f3nicamente.<\/p>\n\n<p>4. caracter\u00edsticas esenciales de los bienes o servicios<\/p>\n\n<p>Las caracter\u00edsticas esenciales de los bienes y\/o servicios se encuentran en la oferta correspondiente.<\/p>\n\n<p>5 Precios y condiciones de pago<\/p>\n\n<p>5.1. Los precios indicados en las respectivas ofertas, as\u00ed como los gastos de env\u00edo, representan precios totales. Incluyen todos los componentes del precio, incluidos todos los impuestos aplicables. <\/p>\n\n<p>5.2. Los gastos de env\u00edo ocasionados no est\u00e1n incluidos en el precio de compra. Deben abonarse mediante el correspondiente <\/p>\n\n<p>Los gastos de env\u00edo, que puedes consultar haciendo clic en el bot\u00f3n \u00abGastos de env\u00edo\u00bb de nuestro sitio web o en la oferta correspondiente, se indican por separado durante el proceso de pedido y corren por tu cuenta, a menos que se haya prometido un env\u00edo gratuito.<\/p>\n\n<p>5.3. Los m\u00e9todos de pago que tienes a tu disposici\u00f3n se muestran en el bot\u00f3n correspondiente de nuestro sitio web o en la oferta correspondiente.<\/p>\n\n<p>5.4. Salvo que se indique lo contrario en las formas de pago individuales, las reclamaciones de pago derivadas del contrato celebrado son pagaderas inmediatamente.<\/p>\n\n<p>6. condiciones de entrega<\/p>\n\n<p>6.1. Las condiciones de entrega, la fecha de entrega y cualquier restricci\u00f3n de entrega existente se pueden encontrar en un bot\u00f3n con la etiqueta correspondiente en nuestro sitio web o en la oferta respectiva.<\/p>\n\n<p>6.2. Si eres consumidor, est\u00e1 regulado por ley que el riesgo de p\u00e9rdida accidental y deterioro accidental del art\u00edculo vendido durante el env\u00edo s\u00f3lo se te transfiere cuando se te entrega la mercanc\u00eda, independientemente de si el env\u00edo est\u00e1 asegurado o no. Esto no se aplica si has encargado de forma independiente a una empresa de transporte no nombrada por el empresario o a otra persona designada para realizar el env\u00edo. <\/p>\n\n<p>Si eres empresario, la entrega y el env\u00edo corren por tu cuenta y riesgo.<\/p>\n\n<p>7. responsabilidad legal por defectos<\/p>\n\n<p>La responsabilidad por defectos se rige por la disposici\u00f3n \u00abGarant\u00eda\u00bb de nuestras Condiciones Generales (Parte I).<\/p>\n\n<p>Estas condiciones generales y la informaci\u00f3n al cliente han sido creadas por los abogados de H\u00e4ndlerbund especializados en derecho inform\u00e1tico y se comprueba constantemente su conformidad legal. H\u00e4ndlerbund Management AG garantiza la seguridad jur\u00eddica de los textos y es responsable en caso de advertencias. Puedes encontrar m\u00e1s informaci\u00f3n al respecto en: https:\/\/www.haendlerbund.de\/agb-service.  <\/p>\n\n<p>\u00faltima actualizaci\u00f3n: 07.12.2017<\/p>\n","protected":false},"excerpt":{"rendered":"<p>Condiciones Generales Informaci\u00f3n Legal y del Cliente I. Condiciones Generales\u00a7 1 Disposiciones b\u00e1sicas (1) Las siguientes condiciones comerciales son aplicables [&hellip;]<\/p>\n","protected":false},"author":1,"featured_media":0,"parent":0,"menu_order":0,"comment_status":"closed","ping_status":"closed","template":"","meta":{"site-sidebar-layout":"default","site-content-layout":"","ast-site-content-layout":"default","site-content-style":"default","site-sidebar-style":"default","ast-global-header-display":"","ast-banner-title-visibility":"","ast-main-header-display":"","ast-hfb-above-header-display":"","ast-hfb-below-header-display":"","ast-hfb-mobile-header-display":"","site-post-title":"","ast-breadcrumbs-content":"","ast-featured-img":"","footer-sml-layout":"","theme-transparent-header-meta":"","adv-header-id-meta":"","stick-header-meta":"","header-above-stick-meta":"","header-main-stick-meta":"","header-below-stick-meta":"","astra-migrate-meta-layouts":"default","ast-page-background-enabled":"default","ast-page-background-meta":{"desktop":{"background-color":"var(--ast-global-color-5)","background-image":"","background-repeat":"repeat","background-position":"center center","background-size":"auto","background-attachment":"scroll","background-type":"","background-media":"","overlay-type":"","overlay-color":"","overlay-opacity":"","overlay-gradient":""},"tablet":{"background-color":"","background-image":"","background-repeat":"repeat","background-position":"center center","background-size":"auto","background-attachment":"scroll","background-type":"","background-media":"","overlay-type":"","overlay-color":"","overlay-opacity":"","overlay-gradient":""},"mobile":{"background-color":"","background-image":"","background-repeat":"repeat","background-position":"center center","background-size":"auto","background-attachment":"scroll","background-type":"","background-media":"","overlay-type":"","overlay-color":"","overlay-opacity":"","overlay-gradient":""}},"ast-content-background-meta":{"desktop":{"background-color":"var(--ast-global-color-4)","background-image":"","background-repeat":"repeat","background-position":"center center","background-size":"auto","background-attachment":"scroll","background-type":"","background-media":"","overlay-type":"","overlay-color":"","overlay-opacity":"","overlay-gradient":""},"tablet":{"background-color":"var(--ast-global-color-4)","background-image":"","background-repeat":"repeat","background-position":"center center","background-size":"auto","background-attachment":"scroll","background-type":"","background-media":"","overlay-type":"","overlay-color":"","overlay-opacity":"","overlay-gradient":""},"mobile":{"background-color":"var(--ast-global-color-4)","background-image":"","background-repeat":"repeat","background-position":"center center","background-size":"auto","background-attachment":"scroll","background-type":"","background-media":"","overlay-type":"","overlay-color":"","overlay-opacity":"","overlay-gradient":""}},"footnotes":""},"class_list":["post-8772","page","type-page","status-publish","hentry"],"_links":{"self":[{"href":"https:\/\/spanngummishop.com\/es\/wp-json\/wp\/v2\/pages\/8772","targetHints":{"allow":["GET"]}}],"collection":[{"href":"https:\/\/spanngummishop.com\/es\/wp-json\/wp\/v2\/pages"}],"about":[{"href":"https:\/\/spanngummishop.com\/es\/wp-json\/wp\/v2\/types\/page"}],"author":[{"embeddable":true,"href":"https:\/\/spanngummishop.com\/es\/wp-json\/wp\/v2\/users\/1"}],"replies":[{"embeddable":true,"href":"https:\/\/spanngummishop.com\/es\/wp-json\/wp\/v2\/comments?post=8772"}],"version-history":[{"count":0,"href":"https:\/\/spanngummishop.com\/es\/wp-json\/wp\/v2\/pages\/8772\/revisions"}],"wp:attachment":[{"href":"https:\/\/spanngummishop.com\/es\/wp-json\/wp\/v2\/media?parent=8772"}],"curies":[{"name":"wp","href":"https:\/\/api.w.org\/{rel}","templated":true}]}}