{"id":8774,"date":"2024-08-19T22:11:41","date_gmt":"2024-08-19T20:11:41","guid":{"rendered":"https:\/\/spanngummishop.com\/formas-de-pago\/"},"modified":"2025-12-09T00:31:40","modified_gmt":"2025-12-08T23:31:40","slug":"formas-de-pago","status":"publish","type":"page","link":"https:\/\/spanngummishop.com\/es\/formas-de-pago\/","title":{"rendered":"Formas de pago"},"content":{"rendered":"<div class=\"page\">\n<div class=\"layoutArea\">\n<div class=\"column\">\n<p>Pago y env\u00edo<\/p>\n<\/div>\n<\/div>\n<div class=\"layoutArea\">\n<div class=\"column\">\n<p>Se aplican las siguientes condiciones:<\/p>\n<p>Condiciones de env\u00edo<\/p>\n<p>Env\u00edos nacionales (Alemania)<br \/>\nGastos de env\u00edo (IVA incluido)<br \/>\nEnv\u00edos nacionales (Alemania):<br \/>\nCobramos unos gastos de env\u00edo de 8,42 euros por pedido.<\/p>\n<p>* (1) La entrega al d\u00eda siguiente es posible dentro de Alemania por un cargo adicional (sujeto a existencias). Las entregas al d\u00eda siguiente s\u00f3lo son posibles de lunes a viernes. No se ofrecen entregas los s\u00e1bados. Sujeto a venta previa.<br \/>\nEntregas en el extranjero:<br \/>\nCalculamos los gastos de env\u00edo al extranjero en funci\u00f3n del valor del pedido (valor bruto de la mercanc\u00eda):   <\/p>\n<p>Incumplimiento de las entregas<\/p>\n<p>Si la mercanc\u00eda no puede serte entregada por las siguientes razones, te cobraremos los costes que se indican a continuaci\u00f3n:<\/p>\n<ul>\n<li>No encontrado varias veces al intentar la entrega<\/li>\n<li>Negativa a aceptar la entrega<\/li>\n<li>Datos incorrectos de la direcci\u00f3n de entrega<\/li>\n<li>Fin del periodo de almacenamiento tienda de paqueter\u00eda o dep\u00f3sito<\/li>\n<\/ul>\n<p>Costes<\/p>\n<ul>\n<li>Cambio de direcci\u00f3n por servicio de paqueter\u00eda 5,95<\/li>\n<li>Devoluci\u00f3n de la mercanc\u00eda 8,95<\/li>\n<li>Entrega adicional 6,90<\/li>\n<li>Gastos de gesti\u00f3n 5,95<\/li>\n<li>Gastos contra reembolso 11,95<\/li>\n<\/ul>\n<p>Cobramos una tarifa plana de 15 euros m\u00e1s IVA por las devoluciones de reservas: devoluciones de cargos, pagos incorrectos y pagos dobles, etc., de los que no somos responsables y que no afectan al derecho oficial de devoluci\u00f3n. <\/p>\n<p>Plazos de entrega<\/p>\n<p>Si no se especifica otro plazo en la oferta correspondiente, la mercanc\u00eda se entregar\u00e1 en un plazo de 1 a 5 d\u00edas en Alemania y en un plazo de 2 a 7 d\u00edas para las entregas en el extranjero tras la celebraci\u00f3n del contrato (si se ha acordado el pago por adelantado, despu\u00e9s de la hora de tu instrucci\u00f3n de pago). Ten en cuenta que no se realizan entregas los domingos ni los d\u00edas festivos. <\/p>\n<p>Si has pedido art\u00edculos con plazos de entrega diferentes, enviaremos la mercanc\u00eda en un solo env\u00edo, a menos que hayamos acordado otra cosa contigo. En este caso, el plazo de entrega vendr\u00e1 determinado por el art\u00edculo con el plazo de entrega m\u00e1s largo que hayas pedido. <\/p>\n<p>Si recoges t\u00fa mismo la mercanc\u00eda, te informaremos por correo electr\u00f3nico de cu\u00e1ndo est\u00e1 lista y cu\u00e1ndo puedes recogerla. En este caso, no se cobrar\u00e1n gastos de env\u00edo. <\/p>\n<p>Condiciones de pago<br \/>\nPara las entregas nacionales (Alemania) tienes las siguientes opciones de pago:<\/p>\n<p>&#8211; Pago contra reembolso<br \/>\n&#8211; Pago por transferencia bancaria<br \/>\n&#8211; Pago contra reembolso (m\u00e1s una comisi\u00f3n de 6,90 \u20ac por pago contra reembolso) &#8211; Pago por domiciliaci\u00f3n bancaria SEPA Core<br \/>\n&#8211; Pago por PayPal<br \/>\n&#8211; Pago por PayPal (tarjeta de cr\u00e9dito, domiciliaci\u00f3n bancaria, factura)<\/p>\n<\/div>\n<\/div>\n<\/div>\n<div class=\"page\">\n<div class=\"layoutArea\">\n<div class=\"column\">\n<ul>\n<li>&#8211; Pago mediante factura<\/li>\n<li>&#8211; Pago por Sofort<br \/>\n&#8211; Pago por amazon payments<\/p>\n<p>Para las entregas en el extranjero tienes las siguientes opciones de pago:<\/li>\n<\/ul>\n<ul>\n<li>&#8211; Pago por adelantado mediante transferencia bancaria<\/li>\n<li>&#8211; Pago mediante PayPal<\/li>\n<li>&#8211; Pago mediante PayPal (tarjeta de cr\u00e9dito, domiciliaci\u00f3n bancaria, factura)<\/li>\n<li>&#8211; Pago por Sofort<\/li>\n<li>&#8211; Pago a trav\u00e9s de amazon payments\n<p>M\u00e1s detalles sobre el pago<\/p>\n<p>El importe de la factura debe abonarse en un plazo de 30 d\u00edas en caso de pago a cuenta.<\/p>\n<p>Al pagar mediante adeudo directo b\u00e1sico SEPA o adeudo directo SEPA entre empresas, nos autorizas a cobrar el importe de la factura de la cuenta especificada emitiendo el correspondiente mandato SEPA. Recibir\u00e1s una notificaci\u00f3n previa al menos 5 d\u00edas antes de la fecha del cobro por domiciliaci\u00f3n bancaria. Ten en cuenta que est\u00e1s obligado a asegurarte de que haya fondos suficientes en la cuenta en la fecha anunciada.  <\/p>\n<p>Si tienes alguna pregunta, encontrar\u00e1s nuestros datos de contacto en el pie de imprenta.<\/li>\n<\/ul>\n<\/div>\n<\/div>\n<\/div>\n","protected":false},"excerpt":{"rendered":"<p>Pago y env\u00edo Se aplican las siguientes condiciones: Condiciones de env\u00edo Env\u00edos nacionales (Alemania) Gastos de env\u00edo (IVA incluido) Env\u00edos [&hellip;]<\/p>\n","protected":false},"author":1,"featured_media":0,"parent":0,"menu_order":0,"comment_status":"closed","ping_status":"closed","template":"","meta":{"site-sidebar-layout":"default","site-content-layout":"","ast-site-content-layout":"default","site-content-style":"default","site-sidebar-style":"default","ast-global-header-display":"","ast-banner-title-visibility":"","ast-main-header-display":"","ast-hfb-above-header-display":"","ast-hfb-below-header-display":"","ast-hfb-mobile-header-display":"","site-post-title":"","ast-breadcrumbs-content":"","ast-featured-img":"","footer-sml-layout":"","theme-transparent-header-meta":"","adv-header-id-meta":"","stick-header-meta":"","header-above-stick-meta":"","header-main-stick-meta":"","header-below-stick-meta":"","astra-migrate-meta-layouts":"default","ast-page-background-enabled":"default","ast-page-background-meta":{"desktop":{"background-color":"var(--ast-global-color-5)","background-image":"","background-repeat":"repeat","background-position":"center center","background-size":"auto","background-attachment":"scroll","background-type":"","background-media":"","overlay-type":"","overlay-color":"","overlay-opacity":"","overlay-gradient":""},"tablet":{"background-color":"","background-image":"","background-repeat":"repeat","background-position":"center center","background-size":"auto","background-attachment":"scroll","background-type":"","background-media":"","overlay-type":"","overlay-color":"","overlay-opacity":"","overlay-gradient":""},"mobile":{"background-color":"","background-image":"","background-repeat":"repeat","background-position":"center center","background-size":"auto","background-attachment":"scroll","background-type":"","background-media":"","overlay-type":"","overlay-color":"","overlay-opacity":"","overlay-gradient":""}},"ast-content-background-meta":{"desktop":{"background-color":"var(--ast-global-color-4)","background-image":"","background-repeat":"repeat","background-position":"center center","background-size":"auto","background-attachment":"scroll","background-type":"","background-media":"","overlay-type":"","overlay-color":"","overlay-opacity":"","overlay-gradient":""},"tablet":{"background-color":"var(--ast-global-color-4)","background-image":"","background-repeat":"repeat","background-position":"center center","background-size":"auto","background-attachment":"scroll","background-type":"","background-media":"","overlay-type":"","overlay-color":"","overlay-opacity":"","overlay-gradient":""},"mobile":{"background-color":"var(--ast-global-color-4)","background-image":"","background-repeat":"repeat","background-position":"center center","background-size":"auto","background-attachment":"scroll","background-type":"","background-media":"","overlay-type":"","overlay-color":"","overlay-opacity":"","overlay-gradient":""}},"footnotes":""},"class_list":["post-8774","page","type-page","status-publish","hentry"],"_links":{"self":[{"href":"https:\/\/spanngummishop.com\/es\/wp-json\/wp\/v2\/pages\/8774","targetHints":{"allow":["GET"]}}],"collection":[{"href":"https:\/\/spanngummishop.com\/es\/wp-json\/wp\/v2\/pages"}],"about":[{"href":"https:\/\/spanngummishop.com\/es\/wp-json\/wp\/v2\/types\/page"}],"author":[{"embeddable":true,"href":"https:\/\/spanngummishop.com\/es\/wp-json\/wp\/v2\/users\/1"}],"replies":[{"embeddable":true,"href":"https:\/\/spanngummishop.com\/es\/wp-json\/wp\/v2\/comments?post=8774"}],"version-history":[{"count":0,"href":"https:\/\/spanngummishop.com\/es\/wp-json\/wp\/v2\/pages\/8774\/revisions"}],"wp:attachment":[{"href":"https:\/\/spanngummishop.com\/es\/wp-json\/wp\/v2\/media?parent=8774"}],"curies":[{"name":"wp","href":"https:\/\/api.w.org\/{rel}","templated":true}]}}