{"id":8859,"date":"2025-09-11T23:54:34","date_gmt":"2025-09-11T21:54:34","guid":{"rendered":"https:\/\/spanngummishop.com\/gomas-con-y-sin-ganchos-en-s\/"},"modified":"2025-12-09T00:33:19","modified_gmt":"2025-12-08T23:33:19","slug":"gomas-con-y-sin-ganchos-en-s","status":"publish","type":"page","link":"https:\/\/spanngummishop.com\/es\/gomas-con-y-sin-ganchos-en-s\/","title":{"rendered":"Gomas con y sin ganchos en S"},"content":{"rendered":"\t\t<div data-elementor-type=\"wp-page\" data-elementor-id=\"8859\" class=\"elementor elementor-8859 elementor-2830\" data-elementor-post-type=\"page\">\n\t\t\t\t<div class=\"elementor-element elementor-element-23824088 e-con-full e-flex e-con e-parent\" data-id=\"23824088\" data-element_type=\"container\" data-e-type=\"container\">\n\t\t\t\t<\/div>\n\t\t<div class=\"elementor-element elementor-element-7f6f8b9 e-flex e-con-boxed e-con e-parent\" data-id=\"7f6f8b9\" data-element_type=\"container\" data-e-type=\"container\">\n\t\t\t\t\t<div class=\"e-con-inner\">\n\t\t\t\t<div class=\"elementor-element elementor-element-0fc2940 elementor-widget elementor-widget-spacer\" data-id=\"0fc2940\" data-element_type=\"widget\" data-e-type=\"widget\" data-widget_type=\"spacer.default\">\n\t\t\t\t\t\t\t<div class=\"elementor-spacer\">\n\t\t\t<div class=\"elementor-spacer-inner\"><\/div>\n\t\t<\/div>\n\t\t\t\t\t\t<\/div>\n\t\t\t\t\t<\/div>\n\t\t\t\t<\/div>\n\t\t<div class=\"elementor-element elementor-element-5bdfb7a e-con-full e-flex e-con e-parent\" data-id=\"5bdfb7a\" data-element_type=\"container\" data-e-type=\"container\">\n\t\t\t\t<div class=\"elementor-element elementor-element-ecf07cb elementor-widget__width-inherit elementor-widget elementor-widget-html\" data-id=\"ecf07cb\" data-element_type=\"widget\" data-e-type=\"widget\" data-widget_type=\"html.default\">\n\t\t\t\t\t<div class=\"category-description\">\n\n  <h2>Anillas de goma (anillas de goma tensoras) - ayudantes flexibles para lonas, pancartas e industria<\/h2>\n\n  <p>\n  Las anillas de goma, tambi\u00e9n conocidas como <strong>anillas tensoras de goma<\/strong>, <strong>anillas tensoras de goma<\/strong> o <strong>anillas expansoras<\/strong>\n, son ayudas indispensables cuando se trata de fijar con seguridad\n lonas, pancartas, cubiertas o redes. Gracias a su gran elasticidad y resistencia,\n son un est\u00e1ndar probado tanto en el sector comercial (por ejemplo, construcci\u00f3n, log\u00edstica, comercio) como en el uso privado (camping,\n jard\u00edn, exteriores).  Nuestras anillas tienen un di\u00e1metro de <strong>8 mm<\/strong>\n y est\u00e1n disponibles en longitudes de <strong>20 cm<\/strong>, <strong>25 cm<\/strong> y <strong>40 cm<\/strong>\n - opcionalmente con o sin robustos ganchos en S galvanizados.\n  <\/p>\n\n  <p>\n  Los anillos tensores est\u00e1n fabricados con elast\u00f3mero sint\u00e9tico de alta calidad, que es resistente a las fuerzas de tracci\u00f3n, as\u00ed como\n a la radiaci\u00f3n UV y a los efectos de la intemperie. Esto significa que las anillas permanecen el\u00e1sticas incluso bajo la fuerte luz solar\n y no pierden su elasticidad. Gracias a sus dimensiones compactas,\n son f\u00e1ciles de guardar y est\u00e1n listas para su uso inmediato, ya sea para transportar mercanc\u00edas, sujetar lonas\n o como tensores de tiendas y cenadores.  \n  <\/p>\n\n  <h3>Ventajas importantes de un vistazo<\/h3>\n  <ul>\n    <li><strong>Fuerza tensora robusta<\/strong>: garantiza una sujeci\u00f3n tensa de la lona y minimiza el aleteo con el viento.<\/li>\n    <li><strong>Alta resistencia a los rayos UV<\/strong>: se mantiene duradera y dimensionalmente estable incluso con luz solar intensa.<\/li>\n    <li><strong>Aplicaciones vers\u00e1tiles<\/strong>: ideal para lonas de remolque, vallas de construcci\u00f3n, pancartas, andamios, tiendas o pabellones.<\/li>\n    <li><strong>Suave con el material<\/strong>: no deja marcas ni manchas en los materiales de lona ni en los tejidos.<\/li>\n    <li><strong>Montaje flexible<\/strong>: opcionalmente con o sin gancho en S galvanizado para una fijaci\u00f3n r\u00e1pida.<\/li>\n    <li><strong>Larga vida \u00fatil<\/strong>: fabricado con elast\u00f3mero 100% sint\u00e9tico, probado hasta 600 N (~60 kgF).<\/li>\n  <\/ul>\n\n  <h3>\u00c1mbitos de aplicaci\u00f3n de las anillas de sujeci\u00f3n de goma<\/h3>\n  <p>\n  Ya sea como <em>tensor de lonas<\/em>, <em>cierre de pancartas<\/em>, <em>el\u00e1stico para tiendas de campa\u00f1a<\/em>, <em>correa expansible con gancho<\/em>\n o <em>correa tensora el\u00e1stica<\/em>: los campos de aplicaci\u00f3n son casi ilimitados. Las anillas de goma para\n son especialmente populares: \n  <\/p>\n  <ul>\n    <li><strong>Lonas publicitarias y lonas para vallas de obra<\/strong>: montaje r\u00e1pido, sujeci\u00f3n segura, sin ruidos de aleteo.<\/li>\n    <li><strong>Lonas para camiones y remolques<\/strong>: tensadas de forma fiable, incluso con fuertes vibraciones o corrientes de aire.<\/li>\n    <li><strong>Tiendas, pabellones y toldos<\/strong>: soluciones de sujeci\u00f3n pr\u00e1cticas y m\u00f3viles para acampadas y actividades al aire libre.<\/li>\n    <li><strong>Comercio e industria<\/strong>: de aplicaci\u00f3n universal para fijar, atar y sujetar.<\/li>\n    <li><strong>Hogar y ocio<\/strong> - jard\u00edn, hobby, transporte o como pieza de recambio para sistemas de lonas existentes.<\/li>\n  <\/ul>\n\n  <h3>Etiquetas t\u00e9cnicas y pictogramas<\/h3>\n  <div style=\"display:flex; gap:24px; flex-wrap:wrap; align-items:flex-start; margin:16px 0 6px;\">\n    <figure style=\"text-align:center; margin:0;\">\n      <img decoding=\"async\" src=\"https:\/\/spanngummishop.com\/pictogramme-nico\/50kg.webp\" alt=\"Carga m\u00e1xima 50 kg\" style=\"height:150px;\" title=\"\">\n      <figcaption>Capacidad de carga de hasta 50 kg<\/figcaption>\n    <\/figure>\n    <figure style=\"text-align:center; margin:0;\">\n      <img decoding=\"async\" src=\"https:\/\/spanngummishop.com\/pictogramme-nico\/abrieb2.webp\" alt=\"Resistencia a la abrasi\u00f3n probada\" style=\"height:150px;\" title=\"\">\n      <figcaption>Resistencia a la abrasi\u00f3n nivel 2<\/figcaption>\n    <\/figure>\n    <figure style=\"text-align:center; margin:0;\">\n      <img decoding=\"async\" src=\"https:\/\/spanngummishop.com\/pictogramme-nico\/uv-5.webp\" alt=\"Resistencia a los rayos UV 5\" style=\"height:150px;\" title=\"\">\n      <figcaption>Resistencia UV nivel 5<\/figcaption>\n    <\/figure>\n  <\/div>\n\n  <ul>\n    <li>Material: 100 % elast\u00f3mero sint\u00e9tico<\/li>\n    <li>Fuerza de prueba: hasta 600 N (~60 kgF)<\/li>\n    <li>Norma: ASTM G53 para envejecimiento acelerado<\/li>\n    <li>Embalaje: hasta 36 cajas por europal\u00e9<\/li>\n  <\/ul>\n\n  <h3>Selecci\u00f3n del producto y embalaje (sin gancho en S)<\/h3>\n  <table style=\"width:100%; border-collapse:collapse; text-align:left; margin:10px 0 22px; font-size:15px;\">\n    <thead>\n      <tr style=\"background:#f3f4f6;\">\n        <th style=\"padding:10px; border:1px solid #e5e7eb;\">Di\u00e1metro<\/th>\n        <th style=\"padding:10px; border:1px solid #e5e7eb;\">Longitud<\/th>\n        <th style=\"padding:10px; border:1px solid #e5e7eb;\">Color<\/th>\n        <th style=\"padding:10px; border:1px solid #e5e7eb;\">Unidades\/bolsa<\/th>\n        <th style=\"padding:10px; border:1px solid #e5e7eb;\">pc.\/caja<\/th>\n        <th style=\"padding:10px; border:1px solid #e5e7eb;\">Referencia<\/th>\n      <\/tr>\n    <\/thead>\n    <tbody>\n      <tr>\n        <td style=\"padding:10px; border:1px solid #e5e7eb;\">8 mm<\/td>\n        <td style=\"padding:10px; border:1px solid #e5e7eb;\">20 cm<\/td>\n        <td style=\"padding:10px; border:1px solid #e5e7eb;\">Negro<\/td>\n        <td style=\"padding:10px; border:1px solid #e5e7eb;\">25<\/td>\n        <td style=\"padding:10px; border:1px solid #e5e7eb;\">600<\/td>\n        <td style=\"padding:10px; border:1px solid #e5e7eb;\">TR0020<\/td>\n      <\/tr>\n      <tr>\n        <td style=\"padding:10px; border:1px solid #e5e7eb;\">8 mm<\/td>\n        <td style=\"padding:10px; border:1px solid #e5e7eb;\">25 cm<\/td>\n        <td style=\"padding:10px; border:1px solid #e5e7eb;\">Negro<\/td>\n        <td style=\"padding:10px; border:1px solid #e5e7eb;\">25<\/td>\n        <td style=\"padding:10px; border:1px solid #e5e7eb;\">400<\/td>\n        <td style=\"padding:10px; border:1px solid #e5e7eb;\">TR0025<\/td>\n      <\/tr>\n      <tr>\n        <td style=\"padding:10px; border:1px solid #e5e7eb;\">8 mm<\/td>\n        <td style=\"padding:10px; border:1px solid #e5e7eb;\">40 cm<\/td>\n        <td style=\"padding:10px; border:1px solid #e5e7eb;\">Negro<\/td>\n        <td style=\"padding:10px; border:1px solid #e5e7eb;\">25<\/td>\n        <td style=\"padding:10px; border:1px solid #e5e7eb;\">300<\/td>\n        <td style=\"padding:10px; border:1px solid #e5e7eb;\">TR0040<\/td>\n      <\/tr>\n    <\/tbody>\n  <\/table>\n\n  <h3>Tensor con gancho en \"S<\/h3>\n  <table style=\"width:100%; border-collapse:collapse; text-align:left; margin:10px 0 10px; font-size:15px;\">\n    <thead>\n      <tr style=\"background:#f3f4f6;\">\n        <th style=\"padding:10px; border:1px solid #e5e7eb;\">Di\u00e1metro<\/th>\n        <th style=\"padding:10px; border:1px solid #e5e7eb;\">Longitud<\/th>\n        <th style=\"padding:10px; border:1px solid #e5e7eb;\">Color<\/th>\n        <th style=\"padding:10px; border:1px solid #e5e7eb;\">Piezas\/bolsa<\/th>\n        <th style=\"padding:10px; border:1px solid #e5e7eb;\">pc.\/caja<\/th>\n        <th style=\"padding:10px; border:1px solid #e5e7eb;\">Referencia<\/th>\n      <\/tr>\n    <\/thead>\n    <tbody>\n      <tr>\n        <td style=\"padding:10px; border:1px solid #e5e7eb;\">8 mm<\/td>\n        <td style=\"padding:10px; border:1px solid #e5e7eb;\">20 cm<\/td>\n        <td style=\"padding:10px; border:1px solid #e5e7eb;\">Negro<\/td>\n        <td style=\"padding:10px; border:1px solid #e5e7eb;\">25<\/td>\n        <td style=\"padding:10px; border:1px solid #e5e7eb;\">600<\/td>\n        <td style=\"padding:10px; border:1px solid #e5e7eb;\">TR0020S<\/td>\n      <\/tr>\n      <tr>\n        <td style=\"padding:10px; border:1px solid #e5e7eb;\">8 mm<\/td>\n        <td style=\"padding:10px; border:1px solid #e5e7eb;\">25 cm<\/td>\n        <td style=\"padding:10px; border:1px solid #e5e7eb;\">Negro<\/td>\n        <td style=\"padding:10px; border:1px solid #e5e7eb;\">25<\/td>\n        <td style=\"padding:10px; border:1px solid #e5e7eb;\">400<\/td>\n        <td style=\"padding:10px; border:1px solid #e5e7eb;\">TR0025S<\/td>\n      <\/tr>\n      <tr>\n        <td style=\"padding:10px; border:1px solid #e5e7eb;\">8 mm<\/td>\n        <td style=\"padding:10px; border:1px solid #e5e7eb;\">40 cm<\/td>\n        <td style=\"padding:10px; border:1px solid #e5e7eb;\">Negro<\/td>\n        <td style=\"padding:10px; border:1px solid #e5e7eb;\">25<\/td>\n        <td style=\"padding:10px; border:1px solid #e5e7eb;\">300<\/td>\n        <td style=\"padding:10px; border:1px solid #e5e7eb;\">TR0040S<\/td>\n      <\/tr>\n    <\/tbody>\n  <\/table>\n  <p style=\"margin:8px 0 22px; color:#6b7280;\">Los ganchos en \"S\" tambi\u00e9n est\u00e1n disponibles por separado.<\/p>\n\n  <h3>FAQ - Preguntas frecuentes sobre los anillos de sujeci\u00f3n de goma<\/h3>\n  <dl>\n    <dt>\u00bfQu\u00e9 longitud es ideal para cada aplicaci\u00f3n?<\/dt>\n    <dd>20 cm es adecuada para distancias estrechas entre ojales o lonas peque\u00f1as, 25 cm es la longitud est\u00e1ndar universal de\n, mientras que 40 cm es perfecta para distancias m\u00e1s largas y lonas voluminosas.<\/dd>\n\n    <dt>\u00bfPueden permanecer los anillos de goma en el exterior de forma permanente?<\/dt>\n    <dd>S\u00ed, los anillos de sujeci\u00f3n son resistentes a la intemperie y tienen una resistencia muy alta a los rayos UV (nivel 5).\n  Conservan su elasticidad incluso tras una exposici\u00f3n prolongada al sol.<\/dd>\n\n    <dt>\u00bfSon adecuadas las anillas para un uso comercial continuo?<\/dt>\n    <dd>Por supuesto. Con una capacidad de carga probada de hasta 600 N, tambi\u00e9n est\u00e1n dise\u00f1adas para la industria y el comercio\n y pueden soportar incluso cargas intensas.<\/dd>\n\n    <dt>\u00bfCu\u00e1l es la diferencia entre las variantes con y sin ganchos en S?<\/dt>\n    <dd>Sin ganchos, las anillas se introducen directamente por los ojales y se anudan. Con ganchos, las correas el\u00e1sticas\n se pueden poner y quitar a la velocidad del rayo, lo que resulta especialmente pr\u00e1ctico para montajes y desmontajes frecuentes.<\/dd>\n\n    <dt>\u00bfPuedo utilizar las anillas de goma varias veces?<\/dt>\n    <dd>S\u00ed, las anillas son extremadamente duraderas y est\u00e1n dise\u00f1adas para un uso repetido. Conservan su funci\u00f3n incluso despu\u00e9s de muchos ciclos de sujeci\u00f3n en\n.<\/dd>\n\n    <dt>\u00bfCu\u00e1nta tensi\u00f3n pueden soportar las anillas de goma?<\/dt>\n    <dd>La fuerza de sujeci\u00f3n se ha probado hasta 600 N, lo que corresponde a unos 60 kgF. Esto hace que\n sean m\u00e1s que suficientes para casi todas las aplicaciones de lonas y pancartas.<\/dd>\n\n    <dt>\u00bfLos anillos tensores de goma dejan marcas en las lonas?<\/dt>\n    <dd>No, las anillas el\u00e1sticas son suaves con el material y no manchan. Tus lonas y pancartas permanecen limpias y sin da\u00f1os en\n.<\/dd>\n\n    <dt>\u00bfTambi\u00e9n son posibles colores especiales?<\/dt>\n    <dd>Suministramos negro de serie. Sin embargo, para grandes cantidades, se pueden fabricar colores especiales PMS bajo pedido\n.<\/dd>\n\n    <dt>\u00bfC\u00f3mo est\u00e1n empaquetados los anillos?<\/dt>\n    <dd>Los anillos se embalan en bolsas de 25 piezas cada una. Dependiendo de la longitud, una caja contiene entre 300 y 600 piezas\n. Se pueden transportar hasta 36 cajas por pal\u00e9.<\/dd>\n\n    <dt>\u00bfSe pueden pedir los ganchos en S individualmente?<\/dt>\n    <dd>S\u00ed, los ganchos en S tambi\u00e9n est\u00e1n disponibles por separado y se pueden volver a pedir f\u00e1cilmente si es necesario.<\/dd>\n\n    <dt>\u00bfQu\u00e9 alternativas hay a las anillas tensoras de goma?<\/dt>\n    <dd>Tambi\u00e9n se pueden utilizar eslingas expansibles con bola, cuerdas expansibles por metros o ganchos tensores\n, seg\u00fan el \u00e1mbito de aplicaci\u00f3n.<\/dd>\n  <\/dl>\n\n<\/div>\n\n<!-- Meta -->\n<meta name=\"title\" content=\"Anillas de goma 20-40 cm, \u00d8 8 mm - negras con\/sin gancho en S\">\n<meta name=\"description\" content=\"Anillas tensoras de goma \u00d8 8 mm en 20, 25, 40 cm. Negras, opcionalmente con gancho en S. Resistentes a los rayos UV, duraderas, probadas hasta 600 N. Ideales para lonas y pancartas.\">\t\t\t\t<\/div>\n\t\t\t\t<\/div>\n\t\t<div class=\"elementor-element elementor-element-5c38822 e-flex e-con-boxed e-con e-parent\" data-id=\"5c38822\" data-element_type=\"container\" data-e-type=\"container\">\n\t\t\t\t\t<div class=\"e-con-inner\">\n\t\t\t\t<div class=\"elementor-element elementor-element-0c44a43 elementor-widget elementor-widget-spacer\" data-id=\"0c44a43\" data-element_type=\"widget\" data-e-type=\"widget\" data-widget_type=\"spacer.default\">\n\t\t\t\t\t\t\t<div class=\"elementor-spacer\">\n\t\t\t<div class=\"elementor-spacer-inner\"><\/div>\n\t\t<\/div>\n\t\t\t\t\t\t<\/div>\n\t\t\t\t\t<\/div>\n\t\t\t\t<\/div>\n\t\t\t\t<\/div>\n\t\t","protected":false},"excerpt":{"rendered":"<p>Anillas de goma (anillas de goma tensoras) &#8211; ayudantes flexibles para lonas, pancartas e industria Las anillas de goma, tambi\u00e9n [&hellip;]<\/p>\n","protected":false},"author":1,"featured_media":0,"parent":0,"menu_order":0,"comment_status":"closed","ping_status":"closed","template":"","meta":{"site-sidebar-layout":"default","site-content-layout":"","ast-site-content-layout":"default","site-content-style":"default","site-sidebar-style":"default","ast-global-header-display":"","ast-banner-title-visibility":"","ast-main-header-display":"","ast-hfb-above-header-display":"","ast-hfb-below-header-display":"","ast-hfb-mobile-header-display":"","site-post-title":"","ast-breadcrumbs-content":"","ast-featured-img":"","footer-sml-layout":"","theme-transparent-header-meta":"","adv-header-id-meta":"","stick-header-meta":"","header-above-stick-meta":"","header-main-stick-meta":"","header-below-stick-meta":"","astra-migrate-meta-layouts":"default","ast-page-background-enabled":"default","ast-page-background-meta":{"desktop":{"background-color":"var(--ast-global-color-5)","background-image":"","background-repeat":"repeat","background-position":"center center","background-size":"auto","background-attachment":"scroll","background-type":"","background-media":"","overlay-type":"","overlay-color":"","overlay-opacity":"","overlay-gradient":""},"tablet":{"background-color":"","background-image":"","background-repeat":"repeat","background-position":"center center","background-size":"auto","background-attachment":"scroll","background-type":"","background-media":"","overlay-type":"","overlay-color":"","overlay-opacity":"","overlay-gradient":""},"mobile":{"background-color":"","background-image":"","background-repeat":"repeat","background-position":"center center","background-size":"auto","background-attachment":"scroll","background-type":"","background-media":"","overlay-type":"","overlay-color":"","overlay-opacity":"","overlay-gradient":""}},"ast-content-background-meta":{"desktop":{"background-color":"var(--ast-global-color-4)","background-image":"","background-repeat":"repeat","background-position":"center center","background-size":"auto","background-attachment":"scroll","background-type":"","background-media":"","overlay-type":"","overlay-color":"","overlay-opacity":"","overlay-gradient":""},"tablet":{"background-color":"var(--ast-global-color-4)","background-image":"","background-repeat":"repeat","background-position":"center center","background-size":"auto","background-attachment":"scroll","background-type":"","background-media":"","overlay-type":"","overlay-color":"","overlay-opacity":"","overlay-gradient":""},"mobile":{"background-color":"var(--ast-global-color-4)","background-image":"","background-repeat":"repeat","background-position":"center center","background-size":"auto","background-attachment":"scroll","background-type":"","background-media":"","overlay-type":"","overlay-color":"","overlay-opacity":"","overlay-gradient":""}},"footnotes":""},"class_list":["post-8859","page","type-page","status-publish","hentry"],"_links":{"self":[{"href":"https:\/\/spanngummishop.com\/es\/wp-json\/wp\/v2\/pages\/8859","targetHints":{"allow":["GET"]}}],"collection":[{"href":"https:\/\/spanngummishop.com\/es\/wp-json\/wp\/v2\/pages"}],"about":[{"href":"https:\/\/spanngummishop.com\/es\/wp-json\/wp\/v2\/types\/page"}],"author":[{"embeddable":true,"href":"https:\/\/spanngummishop.com\/es\/wp-json\/wp\/v2\/users\/1"}],"replies":[{"embeddable":true,"href":"https:\/\/spanngummishop.com\/es\/wp-json\/wp\/v2\/comments?post=8859"}],"version-history":[{"count":0,"href":"https:\/\/spanngummishop.com\/es\/wp-json\/wp\/v2\/pages\/8859\/revisions"}],"wp:attachment":[{"href":"https:\/\/spanngummishop.com\/es\/wp-json\/wp\/v2\/media?parent=8859"}],"curies":[{"name":"wp","href":"https:\/\/api.w.org\/{rel}","templated":true}]}}