{"id":9013,"date":"2025-10-30T03:09:04","date_gmt":"2025-10-30T02:09:04","guid":{"rendered":"https:\/\/spanngummishop.com\/productos-personalizados\/"},"modified":"2025-12-09T00:35:17","modified_gmt":"2025-12-08T23:35:17","slug":"productos-personalizados","status":"publish","type":"page","link":"https:\/\/spanngummishop.com\/es\/productos-personalizados\/","title":{"rendered":"Productos personalizados"},"content":{"rendered":"\t\t<div data-elementor-type=\"wp-page\" data-elementor-id=\"9013\" class=\"elementor elementor-9013 elementor-6331\" data-elementor-post-type=\"page\">\n\t\t\t\t<div class=\"elementor-element elementor-element-21b32437 e-flex e-con-boxed e-con e-parent\" data-id=\"21b32437\" data-element_type=\"container\" data-e-type=\"container\">\n\t\t\t\t\t<div class=\"e-con-inner\">\n\t\t\t\t<div class=\"elementor-element elementor-element-5618473 elementor-widget elementor-widget-text-editor\" data-id=\"5618473\" data-element_type=\"widget\" data-e-type=\"widget\" data-widget_type=\"text-editor.default\">\n\t\t\t\t\t\t\t\t\t\n\n\n<p\/>\n\t\t\t\t\t\t\t\t<\/div>\n\t\t\t\t\t<\/div>\n\t\t\t\t<\/div>\n\t\t<div class=\"elementor-element elementor-element-44de051 e-con-full e-flex e-con e-parent\" data-id=\"44de051\" data-element_type=\"container\" data-e-type=\"container\">\n\t\t\t\t<div class=\"elementor-element elementor-element-73c8376 elementor-widget__width-inherit elementor-widget elementor-widget-html\" data-id=\"73c8376\" data-element_type=\"widget\" data-e-type=\"widget\" data-widget_type=\"html.default\">\n\t\t\t\t\t<!-- ===================== KATEGORIE: SPANNGUMMIS (bereinigt: nur 1 externer Link) ===================== -->\n<section class=\"kategorietext\">\n  <h2>Correas el\u00e1sticas: soluciones de sujeci\u00f3n individuales para lonas, pancartas y transporte<\/h2>\n\n  <p>Las <strong>correas<\/strong> el\u00e1sticas son cierres vers\u00e1tiles y robustos que se utilizan siempre que se requiere flexibilidad, durabilidad y facilidad de manejo. Ya sea para uso comercial en el \u00e1mbito de la <em>sujeci\u00f3n de pancartas<\/em>, para el transporte de mercanc\u00edas o para uso privado, las <strong>correas el<\/strong> \u00e1sticas combinan una gran fuerza de sujeci\u00f3n con una elasticidad duradera. A partir de s\u00f3lo 10 unidades, es posible ofrecer soluciones individuales en las longitudes y colores deseados y con ganchos personalizados. Esto significa que incluso los productos personalizados pueden fabricarse de forma r\u00e1pida y econ\u00f3mica.   <\/p>\n\n  <h3>\u00cdndice<\/h3>\n  <ul>\n    <li><a href=\"#definition\">\u00bfQu\u00e9 son las correas el\u00e1sticas?<\/a><\/li>\n    <li><a href=\"#material\">Material y estructura<\/a><\/li>\n    <li><a href=\"#varianten\">Variantes populares y versiones especiales<\/a><\/li>\n    <li><a href=\"#einsatz\">\u00c1reas t\u00edpicas de aplicaci\u00f3n<\/a><\/li>\n    <li><a href=\"#individuell\">Producci\u00f3n a medida - tama\u00f1os personalizados a partir de 10 piezas<\/a><\/li>\n    <li><a href=\"#vorteile\">Ventajas de las correas el\u00e1sticas<\/a><\/li>\n    <li><a href=\"#nachhaltigkeit\">Sostenibilidad y reutilizaci\u00f3n<\/a><\/li>\n    <li><a href=\"#faq\">FAQ - Preguntas frecuentes sobre las correas el\u00e1sticas<\/a><\/li>\n  <\/ul>\n\n  <h3 id=\"definition\">\u00bfQu\u00e9 son las correas el\u00e1sticas?<\/h3>\n  <p><strong>Las gomas tensoras<\/strong> -a menudo denominadas tambi\u00e9n <em>eslingas expansibles<\/em>, <em>gomas de lona<\/em> o <em>cuerdas expansibles-<\/em> est\u00e1n formadas por material de goma el\u00e1stica con una cubierta de tejido protector. Esta combinaci\u00f3n garantiza una gran resistencia a la tracci\u00f3n y una larga vida \u00fatil. A diferencia de los sistemas de sujeci\u00f3n r\u00edgidos, las eslingas <em>el\u00e1sticas<\/em> se adaptan con flexibilidad a los materiales que deben sujetarse y compensan los movimientos o vibraciones sin causar da\u00f1os. Esto las hace ideales para lonas, pancartas, cubiertas y mercanc\u00edas de transporte.   <\/p>\n\n  <p>La <strong>cuerda expansible 2 ganchos en espiral<\/strong> -una cuerda el\u00e1stica de doble gancho con ganchos en espiral en ambos extremos- ha demostrado ser especialmente eficaz. Permite una sujeci\u00f3n segura incluso con cargas de tracci\u00f3n elevadas y puede fijarse o desmontarse en un abrir y cerrar de ojos. <g id=\"gid_1\">Las eslingas extensibles con bola<\/g> son igualmente populares y se utilizan a menudo en la tecnolog\u00eda publicitaria y en la construcci\u00f3n de ferias o escenarios. Sus longitudes flexibles y su fijaci\u00f3n r\u00e1pida hacen que su uso sea especialmente eficaz.   <\/p>\n\n  <h3 id=\"material\">Material y estructura<\/h3>\n  <p>Nuestras <strong>correas el\u00e1sticas<\/strong> est\u00e1n hechas de caucho natural o l\u00e1tex sint\u00e9tico de alta calidad con una cubierta textil resistente. Esto las hace resistentes a los rayos UV y a la intemperie, y pueden utilizarse tanto en interiores como en exteriores. Las cuerdas de goma conservan su elasticidad y resistencia durante mucho tiempo, incluso cuando est\u00e1n expuestas a cambios de temperatura o a un uso intenso.  <\/p>\n\n  <p>Los elementos de uni\u00f3n -ya sean ganchos en espiral, ganchos de pl\u00e1stico o cabezas esf\u00e9ricas- est\u00e1n fabricados con materiales robustos para garantizar la m\u00e1xima durabilidad. En el caso de las <em>bridas para lonas con ganchos en espiral<\/em>, el gancho met\u00e1lico garantiza una sujeci\u00f3n segura, mientras que el n\u00facleo de goma flexible proporciona la maniobrabilidad necesaria. <em>Las bridas para velas<\/em>, por su parte, combinan funcionalidad y flexibilidad: sujetan las velas, lonas o cubiertas con seguridad, incluso bajo la presi\u00f3n del viento. <\/p>\n\n  <h3 id=\"varianten\">Variantes populares y versiones especiales<\/h3>\n  <p>En funci\u00f3n del uso previsto, existen varios modelos que pueden configurarse individualmente:<\/p>\n  <ul>\n    <li><strong>Cuerda extensible 2 ganchos en espiral:<\/strong> Para sujetar con seguridad lonas, pancartas o redes; ganchos de doble cara para una tensi\u00f3n variable.<\/li>\n    <li><strong>Eslingas expansibles con bola:<\/strong> Especialmente populares para <em>sujetar pancartas<\/em> - f\u00e1cil manejo, no se necesitan herramientas.<\/li>\n    <li><strong>Tensor de lona con gancho:<\/strong> Para uso r\u00e1pido en ojales de lona, tiendas de campa\u00f1a o superestructuras de veh\u00edculos.<\/li>\n    <li><strong>El\u00e1sticos para lonas con ganchos en espiral:<\/strong> Soluci\u00f3n cl\u00e1sica para pancartas publicitarias, lonas para camiones o cubiertas de edificios.<\/li>\n    <li><strong>Amarres de vela:<\/strong> Productos a medida para el sector mar\u00edtimo, duraderos y resistentes a la corrosi\u00f3n.<\/li>\n  <\/ul>\n  <p>Todas las variantes est\u00e1n disponibles en distintos colores, longitudes y tama\u00f1os de gancho. La elecci\u00f3n del color puede adaptarse al dise\u00f1o corporativo correspondiente. <\/p>\n\n  <h3 id=\"einsatz\">\u00c1reas t\u00edpicas de aplicaci\u00f3n<\/h3>\n  <p>Hay muchas aplicaciones posibles para <strong>las correas el\u00e1sticas<\/strong>. Se utilizan con especial frecuencia en los siguientes \u00e1mbitos: <\/p>\n  <ul>\n    <li><strong>Tecnolog\u00eda publicitaria:<\/strong> Para <em>fijar pancartas<\/em> a vallas de obra, andamios, m\u00e1stiles y stands de ferias<strong>.<\/strong> <\/li>\n    <li><strong>Transporte y log\u00edstica:<\/strong> Para fijar lonas, cubiertas y transportar mercanc\u00edas.<\/li>\n    <li><strong>Construcci\u00f3n de eventos y escenarios:<\/strong> Para luminotecnia, suspensiones y telones de fondo.<\/li>\n    <li><strong>Jard\u00edn y ocio:<\/strong> Para tensar lonas, toldos o tiendas de campa\u00f1a.<\/li>\n    <li><strong>N\u00e1utica:<\/strong> <em>Amarres<\/em> para velas, lonas o fundas protectoras.<\/li>\n  <\/ul>\n  <p>Gracias a su gran elasticidad y durabilidad, <em>las correas el\u00e1sticas<\/em> son la elecci\u00f3n ideal para sistemas de sujeci\u00f3n flexibles y seguros.<\/p>\n\n  <h3 id=\"individuell\">Producci\u00f3n a medida - tama\u00f1os personalizados a partir de 10 piezas<\/h3>\n  <p>Una gran ventaja es la configuraci\u00f3n individual: <strong>las gomas tensoras<\/strong> se fabrican seg\u00fan los requisitos: longitud de la cuerda, color, tipo de gancho y acabado exactamente como se especifique. Los productos personalizados son posibles a partir de tan solo 10 piezas, lo que significa que se dispone de soluciones a medida para proyectos de tecnolog\u00eda publicitaria, log\u00edstica, tecnolog\u00eda de eventos o aplicaciones mar\u00edtimas. <\/p>\n\n  <p>Ya sean 100 <em>eslingas<\/em> <em>expansibles<\/em> negras <em>con bola<\/em> para la construcci\u00f3n de ferias, 20 <em>gomas de lona<\/em> azules <em>con ganchos<\/em> <em>en esp<\/em> <em>iral<\/em> para la instalaci\u00f3n de pancartas o una <em>cuerda expansible con 2 ganchos en espiral<\/em> para lonas de transporte: cada configuraci\u00f3n se fabrica individualmente y se aplica con garant\u00eda de calidad.<\/p>\n\n  <h3 id=\"vorteile\">Ventajas de las correas el\u00e1sticas<\/h3>\n  <ul>\n    <li><strong>Flexible:<\/strong> Se adapta a diferentes materiales, formas y direcciones de tracci\u00f3n.<\/li>\n    <li><strong>Duradero:<\/strong> Materiales de alta calidad para una larga vida \u00fatil.<\/li>\n    <li><strong>Resistente a la intemperie:<\/strong> Resistente a los rayos UV, al ozono y a la intemperie, ideal para uso en exteriores.<\/li>\n    <li><strong>Sostenible:<\/strong> Reutilizable y ahorra recursos en comparaci\u00f3n con los cierres desechables.<\/li>\n    <li><strong>Individual:<\/strong> Longitudes, colores y tipos de gancho personalizados a partir de 10 piezas.<\/li>\n    <li><strong>Seguro:<\/strong> La gran fuerza de tensi\u00f3n garantiza una fijaci\u00f3n fiable incluso con viento y movimiento.<\/li>\n  <\/ul>\n\n  <h3 id=\"nachhaltigkeit\">Sostenibilidad y reutilizaci\u00f3n<\/h3>\n  <p><strong>Las cintas el\u00e1sticas<\/strong> contribuyen activamente a evitar residuos. A diferencia de las bridas para cables o la cinta adhesiva, pueden reutilizarse muchas veces. Su durabilidad hace que los costes de compra se amorticen r\u00e1pidamente. <em>Los tensores de lona con ganchos<\/em> y las <em>eslingas expansibles con bolas<\/em> tambi\u00e9n se utilizan cada vez m\u00e1s en el sector profesional como alternativa sostenible a los productos desechables.   <\/p>\n\n  <h3 id=\"faq\">FAQ - Preguntas frecuentes sobre las correas el\u00e1sticas<\/h3>\n  <div class=\"faq\">\n    <h4>1 \u00bfQu\u00e9 diferencia hay entre una cuerda expansora y una goma tensora?<\/h4>\n    <p>Una <em>cuerda extensible<\/em> es el material el\u00e1stico de base; las <em>correas el\u00e1sticas<\/em> son variantes ya preparadas con ganchos, bolas u ojales.<\/p>\n\n    <h4>2. \u00bfqu\u00e9 ventajas ofrecen las eslingas expansibles con bola?<\/h4>\n    <p>Se fijan r\u00e1pidamente, no necesitan herramientas y sujetan firmemente pancartas o lonas, por lo que son ideales para instalaciones frecuentes.<\/p>\n\n    <h4>3. \u00bfpara qu\u00e9 sirve un gancho en espiral de cuerda expansible 2?<\/h4>\n    <p>Para fijaciones de doble cara con gran fuerza de tracci\u00f3n, por ejemplo, en lonas, pancartas o redes.<\/p>\n\n    <h4>4 \u00bfQu\u00e9 distingue a los tensores de lona con ganchos de otros modelos?<\/h4>\n    <p>Dise\u00f1o robusto, duradero e ideal para grandes cargas de tracci\u00f3n durante el transporte o el uso en exteriores.<\/p>\n\n    <h4>5. \u00bfse pueden personalizar las gomas de lona con ganchos en espiral?<\/h4>\n    <p>S\u00ed, la longitud, el color y el tama\u00f1o del gancho se pueden elegir libremente: productos a medida a partir de 10 piezas.<\/p>\n\n    <h4>6 \u00bfQu\u00e9 es una carpeta de vela?<\/h4>\n    <p>Soluci\u00f3n tensora de goma especial para fijar con seguridad velas o lonas - resistente a los rayos UV y a la humedad.<\/p>\n\n    <h4>7 \u00bfC\u00f3mo se utilizan correctamente las correas el\u00e1sticas?<\/h4>\n    <p>Col\u00f3calo, est\u00edralo moderadamente y f\u00edjalo a los ojales de la contra. Evita estirar demasiado para evitar la fatiga del material. <\/p>\n\n    <h4>8 \u00bfCu\u00e1nto duran las correas el\u00e1sticas?<\/h4>\n    <p>En funci\u00f3n de la tensi\u00f3n a lo largo de muchos ciclos; se recomienda una inspecci\u00f3n visual peri\u00f3dica para detectar grietas o p\u00e9rdida de elasticidad.<\/p>\n\n    <h4>9. \u00bfhay colores especiales?<\/h4>\n    <p>S\u00ed, casi todos los colores son posibles, para adaptarse a las especificaciones de la IC o a las \u00e1reas de aplicaci\u00f3n.<\/p>\n\n    <h4>10. \u00bfa partir de qu\u00e9 cantidad son posibles longitudes especiales?<\/h4>\n    <p>Producci\u00f3n personalizada a partir de 10 piezas, incluidos acabados especiales de ganchos y extremos.<\/p>\n  <\/div>\n\n  <p><strong>Conclusi\u00f3n:<\/strong> las <em>cintas el\u00e1sticas<\/em> son una soluci\u00f3n inteligente, duradera y vers\u00e1til para fijaciones seguras. Ya se trate de <em>cuerdas expansibles con 2 ganchos<\/em> <em>en esp<\/em> <em>iral<\/em>, <em>eslingas expansibles con bola<\/em>, <em>tensores de lona con ganchos<\/em>, <em>el\u00e1sticos de lona con ganchos en espiral<\/em> o <em>amarres de vela<\/em>: gracias a la producci\u00f3n individual en las longitudes, colores y variantes de gancho deseados, obtendr\u00e1s exactamente la soluci\u00f3n que necesita tu proyecto. <\/p>\n\n  <div class=\"linkblock\" style=\"margin-top:20px\">\n    <p>Configura ahora gomas tensoras personalizadas: \n <a href=\"https:\/\/www.spanngummishop.de\/individuelle-produkte\/\" rel=\"noopener\">spanngummishop.de\/individuelle-produkte<\/a>\n    <\/p>\n  <\/div>\n<\/section>\t\t\t\t<\/div>\n\t\t\t\t<\/div>\n\t\t\t\t<\/div>\n\t\t","protected":false},"excerpt":{"rendered":"<p>Correas el\u00e1sticas: soluciones de sujeci\u00f3n individuales para lonas, pancartas y transporte Las correas el\u00e1sticas son cierres vers\u00e1tiles y robustos que [&hellip;]<\/p>\n","protected":false},"author":1,"featured_media":0,"parent":0,"menu_order":0,"comment_status":"closed","ping_status":"closed","template":"","meta":{"site-sidebar-layout":"default","site-content-layout":"","ast-site-content-layout":"default","site-content-style":"default","site-sidebar-style":"default","ast-global-header-display":"","ast-banner-title-visibility":"","ast-main-header-display":"","ast-hfb-above-header-display":"","ast-hfb-below-header-display":"","ast-hfb-mobile-header-display":"","site-post-title":"","ast-breadcrumbs-content":"","ast-featured-img":"","footer-sml-layout":"","theme-transparent-header-meta":"","adv-header-id-meta":"","stick-header-meta":"","header-above-stick-meta":"","header-main-stick-meta":"","header-below-stick-meta":"","astra-migrate-meta-layouts":"default","ast-page-background-enabled":"default","ast-page-background-meta":{"desktop":{"background-color":"var(--ast-global-color-5)","background-image":"","background-repeat":"repeat","background-position":"center center","background-size":"auto","background-attachment":"scroll","background-type":"","background-media":"","overlay-type":"","overlay-color":"","overlay-opacity":"","overlay-gradient":""},"tablet":{"background-color":"","background-image":"","background-repeat":"repeat","background-position":"center center","background-size":"auto","background-attachment":"scroll","background-type":"","background-media":"","overlay-type":"","overlay-color":"","overlay-opacity":"","overlay-gradient":""},"mobile":{"background-color":"","background-image":"","background-repeat":"repeat","background-position":"center center","background-size":"auto","background-attachment":"scroll","background-type":"","background-media":"","overlay-type":"","overlay-color":"","overlay-opacity":"","overlay-gradient":""}},"ast-content-background-meta":{"desktop":{"background-color":"var(--ast-global-color-4)","background-image":"","background-repeat":"repeat","background-position":"center center","background-size":"auto","background-attachment":"scroll","background-type":"","background-media":"","overlay-type":"","overlay-color":"","overlay-opacity":"","overlay-gradient":""},"tablet":{"background-color":"var(--ast-global-color-4)","background-image":"","background-repeat":"repeat","background-position":"center center","background-size":"auto","background-attachment":"scroll","background-type":"","background-media":"","overlay-type":"","overlay-color":"","overlay-opacity":"","overlay-gradient":""},"mobile":{"background-color":"var(--ast-global-color-4)","background-image":"","background-repeat":"repeat","background-position":"center center","background-size":"auto","background-attachment":"scroll","background-type":"","background-media":"","overlay-type":"","overlay-color":"","overlay-opacity":"","overlay-gradient":""}},"footnotes":""},"class_list":["post-9013","page","type-page","status-publish","hentry"],"_links":{"self":[{"href":"https:\/\/spanngummishop.com\/es\/wp-json\/wp\/v2\/pages\/9013","targetHints":{"allow":["GET"]}}],"collection":[{"href":"https:\/\/spanngummishop.com\/es\/wp-json\/wp\/v2\/pages"}],"about":[{"href":"https:\/\/spanngummishop.com\/es\/wp-json\/wp\/v2\/types\/page"}],"author":[{"embeddable":true,"href":"https:\/\/spanngummishop.com\/es\/wp-json\/wp\/v2\/users\/1"}],"replies":[{"embeddable":true,"href":"https:\/\/spanngummishop.com\/es\/wp-json\/wp\/v2\/comments?post=9013"}],"version-history":[{"count":0,"href":"https:\/\/spanngummishop.com\/es\/wp-json\/wp\/v2\/pages\/9013\/revisions"}],"wp:attachment":[{"href":"https:\/\/spanngummishop.com\/es\/wp-json\/wp\/v2\/media?parent=9013"}],"curies":[{"name":"wp","href":"https:\/\/api.w.org\/{rel}","templated":true}]}}