{"id":8778,"date":"2024-08-19T22:11:41","date_gmt":"2024-08-19T20:11:41","guid":{"rendered":"https:\/\/spanngummishop.com\/cgv-conditions-generales-de-vente\/"},"modified":"2025-12-09T00:31:39","modified_gmt":"2025-12-08T23:31:39","slug":"cgv-conditions-generales-de-vente","status":"publish","type":"page","link":"https:\/\/spanngummishop.com\/fr\/cgv-conditions-generales-de-vente\/","title":{"rendered":"CGV &#8211; Conditions g\u00e9n\u00e9rales de vente"},"content":{"rendered":"\n<p>Conditions g\u00e9n\u00e9rales de vente Informations juridiques et clients I. Conditions g\u00e9n\u00e9rales de vente<br\/>\u00a7 1 Dispositions de base<\/p>\n\n<p>(1) Les conditions g\u00e9n\u00e9rales de vente suivantes s&rsquo;appliquent \u00e0 tous les contrats que vous concluez avec nous, en tant que fournisseur (Thomas Kraus), via le site Internet www.spanngummishop.de. Sauf accord contraire, nous nous opposons \u00e0 l&rsquo;int\u00e9gration de vos propres conditions \u00e9ventuellement utilis\u00e9es par vous. <\/p>\n\n<p>(2) Le consommateur, au sens des dispositions suivantes, est toute personne physique qui conclut un acte juridique \u00e0 des fins qui, pour l&rsquo;essentiel, ne peuvent \u00eatre imput\u00e9es ni \u00e0 son activit\u00e9 commerciale ni \u00e0 son activit\u00e9 professionnelle ind\u00e9pendante. L&rsquo;entrepreneur est toute personne physique ou morale ou toute soci\u00e9t\u00e9 de personnes ayant la capacit\u00e9 juridique qui, lors de la conclusion d&rsquo;un acte juridique, agit dans l&rsquo;exercice de son activit\u00e9 professionnelle ind\u00e9pendante ou commerciale. <\/p>\n\n<p>\u00a7 2 Formation du contrat<br\/>(1) L&rsquo;objet du contrat est la vente de marchandises.<\/p>\n\n<p>(2) D\u00e8s la mise en ligne du produit concern\u00e9 sur notre site Internet, nous vous soumettons une offre ferme de conclusion d&rsquo;un contrat aux conditions indiqu\u00e9es dans la description de l&rsquo;article.<\/p>\n\n<p>(3) Le contrat est conclu via le syst\u00e8me de panier d&rsquo;achat en ligne de la mani\u00e8re suivante :<br\/>Les marchandises que vous souhaitez acheter sont plac\u00e9es dans le \u00ab\u00a0panier d&rsquo;achat\u00a0\u00bb. Le bouton correspondant dans la barre de navigation vous permet d&rsquo;acc\u00e9der au \u00ab\u00a0Panier\u00a0\u00bb et d&rsquo;y apporter des modifications \u00e0 tout moment.<br\/>Apr\u00e8s avoir acc\u00e9d\u00e9 \u00e0 la page \u00ab\u00a0Caisse\u00a0\u00bb et saisi les donn\u00e9es personnelles ainsi que les conditions de paiement et d&rsquo;exp\u00e9dition, toutes les donn\u00e9es de la commande sont finalement affich\u00e9es une nouvelle fois sur la page d&rsquo;aper\u00e7u de la commande. Si vous utilisez un syst\u00e8me de paiement imm\u00e9diat (par exemple PayPal \/ PayPal Express, Amazon-Payments, Postpay, Sofort) comme mode de paiement, vous serez soit redirig\u00e9 vers la page d&rsquo;aper\u00e7u de la commande dans notre boutique en ligne, soit vous serez d&rsquo;abord redirig\u00e9 vers la page Internet du fournisseur du syst\u00e8me de paiement imm\u00e9diat.<br\/>Si la redirection vers le syst\u00e8me de paiement imm\u00e9diat en question a lieu, vous y effectuerez la s\u00e9lection ou la saisie correspondante de vos donn\u00e9es. Enfin, vous serez redirig\u00e9 vers notre boutique en ligne sur la page d&rsquo;aper\u00e7u de la commande.<br\/>Avant d&rsquo;envoyer la commande, vous avez la possibilit\u00e9 de v\u00e9rifier \u00e0 nouveau toutes les donn\u00e9es, de les modifier (\u00e9galement via la fonction \u00ab\u00a0retour\u00a0\u00bb du navigateur Internet) ou d&rsquo;annuler l&rsquo;achat.<br\/>En envoyant la commande via le bouton \u00ab\u00a0commande avec obligation de paiement\u00a0\u00bb, vous d\u00e9clarez de mani\u00e8re juridiquement contraignante l&rsquo;acceptation de l&rsquo;offre, ce qui entra\u00eene la conclusion du contrat.   <\/p>\n\n<p>(4) Vos demandes d&rsquo;\u00e9tablissement d&rsquo;une offre ne vous engagent pas. Nous vous soumettons \u00e0 cet effet une offre ferme sous forme de texte (par exemple par e-mail), que vous pouvez accepter dans un d\u00e9lai de 5 jours. <\/p>\n\n<p>(5) Le traitement de la commande et la transmission de toutes les informations relatives \u00e0 la conclusion du contrat sont effectu\u00e9s par le fournisseur.<\/p>\n\n<p>Les informations requises sont envoy\u00e9es par e-mail, parfois de mani\u00e8re automatis\u00e9e. Vous devez donc vous assurer que l&rsquo;adresse e-mail que vous avez enregistr\u00e9e chez nous est correcte, que la r\u00e9ception des e-mails est techniquement garantie et, en particulier, qu&rsquo;elle n&rsquo;est pas emp\u00each\u00e9e par des filtres SPAM. <\/p>\n\n<p>\u00a7 3 Conventions sp\u00e9ciales relatives aux modes de paiement propos\u00e9s<\/p>\n\n<p>(1) Pr\u00e9l\u00e8vement SEPA (pr\u00e9l\u00e8vement de base et\/ou pr\u00e9l\u00e8vement d&rsquo;entreprise)<\/p>\n\n<p>En cas de paiement par pr\u00e9l\u00e8vement SEPA de base ou par pr\u00e9l\u00e8vement SEPA interentreprises, vous nous autorisez, en donnant le mandat SEPA correspondant, \u00e0 pr\u00e9lever le montant de la facture sur le compte indiqu\u00e9.<br\/>Le pr\u00e9l\u00e8vement est effectu\u00e9 dans les 4 jours suivant la conclusion du contrat.<br\/>Le d\u00e9lai de transmission de la notification pr\u00e9alable (pre-notification) est r\u00e9duit \u00e0 5 jours avant la date d&rsquo;\u00e9ch\u00e9ance. Vous \u00eates tenu de veiller \u00e0 ce que votre compte soit suffisamment approvisionn\u00e9 \u00e0 la date d&rsquo;\u00e9ch\u00e9ance. En cas de rejet de pr\u00e9l\u00e8vement par votre faute, les frais bancaires encourus seront \u00e0 votre charge.  <\/p>\n\n<p>\u00a7 4 Droit de r\u00e9tention, r\u00e9serve de propri\u00e9t\u00e9<br\/>(1) Vous ne pouvez exercer un droit de r\u00e9tention que dans la mesure o\u00f9 il s&rsquo;agit de cr\u00e9ances d\u00e9coulant du m\u00eame contrat.<\/p>\n\n<p>relation contractuelle.<br\/>(2) La marchandise reste notre propri\u00e9t\u00e9 jusqu&rsquo;au paiement int\u00e9gral du prix d&rsquo;achat. (3) Si vous \u00eates un entrepreneur, les dispositions suivantes s&rsquo;appliquent en compl\u00e9ment : <\/p>\n\n<p>a) Nous nous r\u00e9servons la propri\u00e9t\u00e9 de la marchandise jusqu&rsquo;au r\u00e8glement complet de toutes les cr\u00e9ances r\u00e9sultant de la relation commerciale en cours. Avant le transfert de propri\u00e9t\u00e9 de la marchandise sous r\u00e9serve de propri\u00e9t\u00e9, aucune mise en gage ou transfert de propri\u00e9t\u00e9 \u00e0 titre de garantie n&rsquo;est autoris\u00e9. <\/p>\n\n<p>b) vous pouvez revendre la marchandise dans le cadre de la marche normale des affaires. Dans ce cas, vous nous c\u00e9dez d&rsquo;ores et d\u00e9j\u00e0 toutes les cr\u00e9ances \u00e0 hauteur du montant de la facture qui r\u00e9sultent pour vous de la revente, nous acceptons la cession. Vous \u00eates en outre autoris\u00e9 \u00e0 recouvrer la cr\u00e9ance. Dans la mesure o\u00f9 vous ne remplissez pas correctement vos obligations de paiement, nous nous r\u00e9servons toutefois le droit de recouvrer nous-m\u00eames la cr\u00e9ance.   <\/p>\n\n<p>c) En cas d&rsquo;association et de m\u00e9lange de la marchandise sous r\u00e9serve de propri\u00e9t\u00e9, nous acqu\u00e9rons la copropri\u00e9t\u00e9 de la nouvelle chose au prorata de la valeur factur\u00e9e de la marchandise sous r\u00e9serve de propri\u00e9t\u00e9 par rapport aux autres objets transform\u00e9s au moment de la transformation.<\/p>\n\n<p>d) Nous nous engageons \u00e0 lib\u00e9rer, \u00e0 votre demande, les garanties auxquelles nous avons droit dans la mesure o\u00f9 la valeur r\u00e9alisable de nos garanties d\u00e9passe de plus de 10% la cr\u00e9ance \u00e0 garantir. Le choix des garanties \u00e0 lib\u00e9rer nous incombe. <\/p>\n\n<p>e) En cas de retour, nous facturons 20% du montant de la commande comme frais de restockage, plus les frais d&rsquo;exp\u00e9dition aller. <\/p>\n\n<p>\u00a7 5 Garantie<\/p>\n\n<p>(1) Les droits l\u00e9gaux en mati\u00e8re de garantie des vices cach\u00e9s s&rsquo;appliquent.<\/p>\n\n<p>(2) En tant que consommateur, vous \u00eates pri\u00e9 de v\u00e9rifier imm\u00e9diatement \u00e0 la livraison si l&rsquo;objet est complet, s&rsquo;il pr\u00e9sente des d\u00e9fauts \u00e9vidents et s&rsquo;il a \u00e9t\u00e9 endommag\u00e9 pendant le transport, et de nous faire part, ainsi qu&rsquo;au transporteur, de toute r\u00e9clamation dans les meilleurs d\u00e9lais. Si vous ne le faites pas, cela n&rsquo;a aucun effet sur vos droits de garantie l\u00e9gaux. <\/p>\n\n<p>(3) Dans la mesure o\u00f9 vous \u00eates une entreprise, les dispositions suivantes s&rsquo;appliquent par d\u00e9rogation aux r\u00e8gles de garantie susmentionn\u00e9es :<\/p>\n\n<p>a) Seules nos propres indications et la description du produit par le fabricant sont consid\u00e9r\u00e9es comme convenues comme qualit\u00e9 de la chose, \u00e0 l&rsquo;exclusion de toute autre publicit\u00e9, de tout \u00e9loge public et de toute d\u00e9claration du fabricant.<\/p>\n\n<p>b) En cas de d\u00e9faut, nous garantissons, \u00e0 notre choix, la r\u00e9paration ou la livraison ult\u00e9rieure. Si l&rsquo;\u00e9limination des d\u00e9fauts \u00e9choue, vous pouvez, \u00e0 votre choix, exiger une r\u00e9duction du prix ou r\u00e9silier le contrat. L&rsquo;\u00e9limination des d\u00e9fauts est consid\u00e9r\u00e9e comme ayant \u00e9chou\u00e9 apr\u00e8s une deuxi\u00e8me tentative infructueuse, sauf s&rsquo;il en r\u00e9sulte autrement, notamment en raison de la nature de la chose ou du d\u00e9faut ou d&rsquo;autres circonstances. En cas de r\u00e9paration, nous ne sommes pas tenus de prendre en charge les frais suppl\u00e9mentaires occasionn\u00e9s par le d\u00e9placement de la marchandise vers un lieu autre que le lieu d&rsquo;ex\u00e9cution, dans la mesure o\u00f9 ce d\u00e9placement ne correspond pas \u00e0 l&rsquo;utilisation pr\u00e9vue de la marchandise.   <\/p>\n\n<p>c) Le d\u00e9lai de garantie est d&rsquo;un an \u00e0 compter de la livraison des marchandises. La r\u00e9duction du d\u00e9lai ne s&rsquo;applique pas : <\/p>\n\n<p>&#8211; pour les dommages fautifs qui nous sont imputables et qui r\u00e9sultent d&rsquo;une atteinte \u00e0 la vie, \u00e0 l&rsquo;int\u00e9grit\u00e9 physique ou \u00e0 la sant\u00e9 et pour les autres dommages caus\u00e9s intentionnellement ou par n\u00e9gligence grave ;<br\/>&#8211; dans la mesure o\u00f9 nous avons dissimul\u00e9 dolosivement le d\u00e9faut ou pris en charge une garantie pour la qualit\u00e9 de la chose ;<br\/>&#8211; pour les choses qui ont \u00e9t\u00e9 utilis\u00e9es conform\u00e9ment \u00e0 leur mode d&rsquo;utilisation habituel pour un ouvrage de construction et qui ont caus\u00e9 sa d\u00e9fectuosit\u00e9 ;<br\/>&#8211; pour les droits de recours l\u00e9gaux que vous avez contre nous en relation avec les droits r\u00e9sultant de la constatation de d\u00e9fauts.<\/p>\n\n<p>\u00a7 6 Choix de la loi<\/p>\n\n<p>(1) Le droit allemand est applicable. Pour les consommateurs, ce choix de loi ne s&rsquo;applique que dans la mesure o\u00f9 il ne prive pas de la protection accord\u00e9e par les dispositions imp\u00e9ratives de la loi du pays de r\u00e9sidence habituelle du consommateur (principe de faveur). <\/p>\n\n<p>(2) Les dispositions de la Convention des Nations Unies sur les contrats de vente internationale de marchandises ne sont express\u00e9ment pas applicables.<\/p>\n\n<pre class=\"wp-block-preformatted\">_______________________________________________________________________________________\n<\/pre>\n\n<p>II. informations sur le client<\/p>\n\n<p>1. identit\u00e9 du vendeur<\/p>\n\n<p>Thomas Kraus<br\/>Weberschlag 14a<br\/>92729 Weiherhammer<br\/>Allemagne<br\/>T\u00e9l\u00e9phone : 09613814600<br\/>E-mail : shop@spanngummishop.de<\/p>\n\n<p>R\u00e8glement alternatif des litiges :<\/p>\n\n<p>La Commission europ\u00e9enne met \u00e0 disposition une plateforme de r\u00e8glement extrajudiciaire des litiges en ligne (plateforme RLL), disponible \u00e0 l&rsquo;adresse suivante : https:\/\/ec.europa.eu\/odr.<\/p>\n\n<p>2. informations sur la formation du contrat<\/p>\n\n<p>Les \u00e9tapes techniques de la conclusion du contrat, la conclusion du contrat lui-m\u00eame et les possibilit\u00e9s de correction sont effectu\u00e9es conform\u00e9ment aux dispositions \u00ab\u00a0Formation du contrat\u00a0\u00bb de nos conditions g\u00e9n\u00e9rales de vente (partie I).<\/p>\n\n<p>3. la langue du contrat, le stockage du texte du contrat<\/p>\n\n<p>3.1. La langue du contrat est l&rsquo;allemand.<\/p>\n\n<p>3.2. Nous ne conservons pas le texte int\u00e9gral du contrat. Avant d&rsquo;envoyer la commande via le syst\u00e8me de panier en ligne, les donn\u00e9es contractuelles peuvent \u00eatre imprim\u00e9es ou sauvegard\u00e9es \u00e9lectroniquement via la fonction d&rsquo;impression du navigateur. Apr\u00e8s r\u00e9ception de la commande, les donn\u00e9es de la commande, les informations l\u00e9gales relatives aux contrats de vente \u00e0 distance et les conditions g\u00e9n\u00e9rales de vente vous seront envoy\u00e9es une nouvelle fois par e-mail.  <\/p>\n\n<p>3.3. En cas de demande d&rsquo;offre en dehors du syst\u00e8me de panier d&rsquo;achat en ligne, vous recevez toutes les donn\u00e9es contractuelles dans le cadre d&rsquo;une offre ferme sous forme de texte, par exemple par e-mail, que vous pouvez imprimer ou sauvegarder \u00e9lectroniquement.<\/p>\n\n<p>4. caract\u00e9ristiques essentielles du bien ou du service<\/p>\n\n<p>Les caract\u00e9ristiques essentielles du bien et\/ou du service sont indiqu\u00e9es dans l&rsquo;offre correspondante.<\/p>\n\n<p>5. prix et modalit\u00e9s de paiement<\/p>\n\n<p>5.1. Les prix indiqu\u00e9s dans les offres respectives, ainsi que les frais de livraison, sont des prix totaux. Ils incluent tous les \u00e9l\u00e9ments du prix, y compris toutes les taxes applicables. <\/p>\n\n<p>5.2. Les frais d&rsquo;exp\u00e9dition ne sont pas inclus dans le prix d&rsquo;achat. Ils sont factur\u00e9s sur une base appropri\u00e9e <\/p>\n\n<p>Les frais de livraison, qui peuvent \u00eatre appel\u00e9s en cliquant sur le bouton \u00ab\u00a0Frais de livraison\u00a0\u00bb sur notre site Internet ou dans l&rsquo;offre correspondante, sont indiqu\u00e9s s\u00e9par\u00e9ment au cours du processus de commande et sont \u00e0 votre charge, sauf si la livraison gratuite est promise.<\/p>\n\n<p>5.3. Les modes de paiement \u00e0 votre disposition sont indiqu\u00e9s sous un bouton correspondant sur notre site Internet ou dans l&rsquo;offre correspondante.<\/p>\n\n<p>5.4. Sauf indication contraire dans les diff\u00e9rents modes de paiement, les droits \u00e0 paiement d\u00e9coulant du contrat conclu sont imm\u00e9diatement exigibles.<\/p>\n\n<p>6. conditions de livraison<\/p>\n\n<p>6.1. Les conditions de livraison, la date de livraison ainsi que les \u00e9ventuelles restrictions de livraison sont indiqu\u00e9es sous un bouton correspondant sur notre site Internet ou dans l&rsquo;offre correspondante.<\/p>\n\n<p>6.2. Si vous \u00eates un consommateur, la loi pr\u00e9voit que le risque de perte ou de d\u00e9t\u00e9rioration accidentelle de la marchandise vendue pendant l&rsquo;exp\u00e9dition ne vous est transf\u00e9r\u00e9 qu&rsquo;au moment de la remise de la marchandise, que l&rsquo;exp\u00e9dition soit assur\u00e9e ou non. Ceci ne s&rsquo;applique pas si vous avez charg\u00e9 de votre propre chef une entreprise de transport non d\u00e9sign\u00e9e par l&rsquo;entrepreneur ou une autre personne charg\u00e9e d&rsquo;effectuer l&rsquo;exp\u00e9dition. <\/p>\n\n<p>Si vous \u00eates entrepreneur, la livraison et l&rsquo;exp\u00e9dition se font \u00e0 vos risques et p\u00e9rils.<\/p>\n\n<p>7. droit de la responsabilit\u00e9 l\u00e9gale pour les d\u00e9fauts<\/p>\n\n<p>La responsabilit\u00e9 des d\u00e9fauts est r\u00e9gie par la disposition \u00ab\u00a0Garantie\u00a0\u00bb de nos conditions g\u00e9n\u00e9rales de vente (partie I).<\/p>\n\n<p>Ces CGV et informations clients ont \u00e9t\u00e9 r\u00e9dig\u00e9es par les juristes de H\u00e4ndlerbund, sp\u00e9cialis\u00e9s dans le droit des technologies de l&rsquo;information, et leur conformit\u00e9 juridique est v\u00e9rifi\u00e9e en permanence. La soci\u00e9t\u00e9 H\u00e4ndlerbund Management AG garantit la s\u00e9curit\u00e9 juridique des textes et est responsable en cas de rappel \u00e0 l&rsquo;ordre. Vous trouverez de plus amples informations \u00e0 ce sujet sur : https:\/\/www.haendlerbund.de\/agb-service.  <\/p>\n\n<p>derni\u00e8re mise \u00e0 jour : 07\/12\/2017<\/p>\n","protected":false},"excerpt":{"rendered":"<p>Conditions g\u00e9n\u00e9rales de vente Informations juridiques et clients I. Conditions g\u00e9n\u00e9rales de vente\u00a7 1 Dispositions de base (1) Les conditions [&hellip;]<\/p>\n","protected":false},"author":1,"featured_media":0,"parent":0,"menu_order":0,"comment_status":"closed","ping_status":"closed","template":"","meta":{"site-sidebar-layout":"default","site-content-layout":"","ast-site-content-layout":"default","site-content-style":"default","site-sidebar-style":"default","ast-global-header-display":"","ast-banner-title-visibility":"","ast-main-header-display":"","ast-hfb-above-header-display":"","ast-hfb-below-header-display":"","ast-hfb-mobile-header-display":"","site-post-title":"","ast-breadcrumbs-content":"","ast-featured-img":"","footer-sml-layout":"","theme-transparent-header-meta":"","adv-header-id-meta":"","stick-header-meta":"","header-above-stick-meta":"","header-main-stick-meta":"","header-below-stick-meta":"","astra-migrate-meta-layouts":"default","ast-page-background-enabled":"default","ast-page-background-meta":{"desktop":{"background-color":"var(--ast-global-color-5)","background-image":"","background-repeat":"repeat","background-position":"center center","background-size":"auto","background-attachment":"scroll","background-type":"","background-media":"","overlay-type":"","overlay-color":"","overlay-opacity":"","overlay-gradient":""},"tablet":{"background-color":"","background-image":"","background-repeat":"repeat","background-position":"center center","background-size":"auto","background-attachment":"scroll","background-type":"","background-media":"","overlay-type":"","overlay-color":"","overlay-opacity":"","overlay-gradient":""},"mobile":{"background-color":"","background-image":"","background-repeat":"repeat","background-position":"center center","background-size":"auto","background-attachment":"scroll","background-type":"","background-media":"","overlay-type":"","overlay-color":"","overlay-opacity":"","overlay-gradient":""}},"ast-content-background-meta":{"desktop":{"background-color":"var(--ast-global-color-4)","background-image":"","background-repeat":"repeat","background-position":"center center","background-size":"auto","background-attachment":"scroll","background-type":"","background-media":"","overlay-type":"","overlay-color":"","overlay-opacity":"","overlay-gradient":""},"tablet":{"background-color":"var(--ast-global-color-4)","background-image":"","background-repeat":"repeat","background-position":"center center","background-size":"auto","background-attachment":"scroll","background-type":"","background-media":"","overlay-type":"","overlay-color":"","overlay-opacity":"","overlay-gradient":""},"mobile":{"background-color":"var(--ast-global-color-4)","background-image":"","background-repeat":"repeat","background-position":"center center","background-size":"auto","background-attachment":"scroll","background-type":"","background-media":"","overlay-type":"","overlay-color":"","overlay-opacity":"","overlay-gradient":""}},"footnotes":""},"class_list":["post-8778","page","type-page","status-publish","hentry"],"_links":{"self":[{"href":"https:\/\/spanngummishop.com\/fr\/wp-json\/wp\/v2\/pages\/8778","targetHints":{"allow":["GET"]}}],"collection":[{"href":"https:\/\/spanngummishop.com\/fr\/wp-json\/wp\/v2\/pages"}],"about":[{"href":"https:\/\/spanngummishop.com\/fr\/wp-json\/wp\/v2\/types\/page"}],"author":[{"embeddable":true,"href":"https:\/\/spanngummishop.com\/fr\/wp-json\/wp\/v2\/users\/1"}],"replies":[{"embeddable":true,"href":"https:\/\/spanngummishop.com\/fr\/wp-json\/wp\/v2\/comments?post=8778"}],"version-history":[{"count":0,"href":"https:\/\/spanngummishop.com\/fr\/wp-json\/wp\/v2\/pages\/8778\/revisions"}],"wp:attachment":[{"href":"https:\/\/spanngummishop.com\/fr\/wp-json\/wp\/v2\/media?parent=8778"}],"curies":[{"name":"wp","href":"https:\/\/api.w.org\/{rel}","templated":true}]}}