{"id":8779,"date":"2024-08-19T22:11:41","date_gmt":"2024-08-19T20:11:41","guid":{"rendered":"https:\/\/spanngummishop.com\/modes-de-paiement\/"},"modified":"2024-08-19T22:11:41","modified_gmt":"2024-08-19T20:11:41","slug":"modes-de-paiement","status":"publish","type":"page","link":"https:\/\/spanngummishop.com\/fr\/modes-de-paiement\/","title":{"rendered":"Modes de paiement"},"content":{"rendered":"<div class=\"page\">\n<div class=\"layoutArea\">\n<div class=\"column\">\n<p>Paiement et livraison<\/p>\n<\/div>\n<\/div>\n<div class=\"layoutArea\">\n<div class=\"column\">\n<p>Les conditions suivantes s&rsquo;appliquent :<\/p>\n<p>Conditions d&rsquo;exp\u00e9dition<\/p>\n<p>La livraison est effectu\u00e9e en Allemagne (Deutschland)<br \/>\nFrais d&rsquo;exp\u00e9dition (y compris la TVA l\u00e9gale)<br \/>\nLivraisons en Allemagne (Deutschland) :<br \/>\nNous facturons les frais d&rsquo;exp\u00e9dition 8,42 \u20ac par commande.<\/p>\n<p>* (1) La livraison le lendemain est possible en Allemagne moyennant un suppl\u00e9ment (sous r\u00e9serve de disponibilit\u00e9 des stocks). Les livraisons le jour suivant ne sont possibles que du lundi au vendredi. Les livraisons le samedi ne sont pas propos\u00e9es. Sous r\u00e9serve de vente interm\u00e9diaire.<br \/>\nLivraisons \u00e0 l&rsquo;\u00e9tranger :<br \/>\nNous facturons les frais de livraison \u00e0 l&rsquo;\u00e9tranger en fonction du montant de la commande (valeur brute de la marchandise) :   <\/p>\n<p>Non-livraison pour les livraisons<\/p>\n<p>Si la marchandise ne peut pas \u00eatre livr\u00e9e chez vous pour les raisons suivantes, nous facturons les frais suivants comme indiqu\u00e9 ci-dessous :<\/p>\n<ul>\n<li>Non trouv\u00e9 \u00e0 plusieurs reprises lors de la tentative de livraison<\/li>\n<li>Refus d&rsquo;acceptation de la livraison<\/li>\n<li>Informations incorrectes sur l&rsquo;adresse de livraison<\/li>\n<li>Fin de d\u00e9lai de stockage Packetshop ou d\u00e9p\u00f4t<\/li>\n<\/ul>\n<p>Co\u00fbts<\/p>\n<ul>\n<li>Changement d&rsquo;adresse par le service de livraison de colis 5,95<\/li>\n<li>Retour de la marchandise 8,95<\/li>\n<li>Livraison suppl\u00e9mentaire 6,90<\/li>\n<li>Frais de dossier 5,95<\/li>\n<li>Frais de contre-remboursement 11,95<\/li>\n<\/ul>\n<p>Pour les changements de r\u00e9servation, les annulations, les paiements erron\u00e9s, les doubles paiements, etc. dont nous ne sommes pas responsables et qui ne concernent pas le droit de retour officiel, nous facturons un montant forfaitaire de 15 \u20ac, hors TVA. <\/p>\n<p>D\u00e9lais de livraison<\/p>\n<p>Si aucun autre d\u00e9lai n&rsquo;est indiqu\u00e9 dans l&rsquo;offre correspondante, la livraison de la marchandise s&rsquo;effectue en Allemagne dans un d\u00e9lai de 1 \u00e0 5 jours, pour les livraisons \u00e0 l&rsquo;\u00e9tranger dans un d\u00e9lai de 2 \u00e0 7 jours apr\u00e8s la conclusion du contrat (en cas de paiement anticip\u00e9 convenu, apr\u00e8s la date de votre ordre de paiement). Veuillez noter qu&rsquo;aucune livraison n&rsquo;est effectu\u00e9e le dimanche et les jours f\u00e9ri\u00e9s. <\/p>\n<p>Si vous avez command\u00e9 des articles avec des d\u00e9lais de livraison diff\u00e9rents, nous envoyons la marchandise en un seul envoi, sauf si nous avons convenu d&rsquo;un autre d\u00e9lai avec vous. Dans ce cas, le d\u00e9lai de livraison est d\u00e9termin\u00e9 par l&rsquo;article dont le d\u00e9lai de livraison est le plus long que vous avez command\u00e9. <\/p>\n<p>En cas d&rsquo;enl\u00e8vement par vos soins, nous vous informons par e-mail de la mise \u00e0 disposition de la marchandise et des possibilit\u00e9s d&rsquo;enl\u00e8vement. Dans ce cas, les frais de livraison ne sont pas factur\u00e9s. <\/p>\n<p>Conditions de paiement<br \/>\nPour les livraisons en Allemagne (Deutschland), vous disposez des possibilit\u00e9s de paiement suivantes :<\/p>\n<p>&#8211; Paiement en esp\u00e8ces lors de l&rsquo;enl\u00e8vement<br \/>\n&#8211; Paiement anticip\u00e9 par virement bancaire<br \/>\n&#8211; Paiement contre remboursement (frais de remboursement 6,90 \u20ac en sus) &#8211; Paiement par pr\u00e9l\u00e8vement SEPA de base<br \/>\n&#8211; Paiement par PayPal<br \/>\n&#8211; Paiement par PayPal (carte de cr\u00e9dit, pr\u00e9l\u00e8vement, facture)<\/p>\n<\/div>\n<\/div>\n<\/div>\n<div class=\"page\">\n<div class=\"layoutArea\">\n<div class=\"column\">\n<ul>\n<li>&#8211; Paiement par facture<\/li>\n<li>&#8211; Paiement par Sofort<br \/>\n&#8211; Paiement par amazon payments<\/p>\n<p>Pour les livraisons \u00e0 l&rsquo;\u00e9tranger, vous avez les possibilit\u00e9s de paiement suivantes :<\/li>\n<\/ul>\n<ul>\n<li>&#8211; Paiement anticip\u00e9 par virement bancaire<\/li>\n<li>&#8211; Paiement par PayPal<\/li>\n<li>&#8211; Paiement par PayPal (carte de cr\u00e9dit, pr\u00e9l\u00e8vement automatique, facture)<\/li>\n<li>&#8211; Paiement imm\u00e9diat<\/li>\n<li>&#8211; Paiement par amazon payments\n<p>Plus de d\u00e9tails sur le paiement<\/p>\n<p>Le montant de la facture doit \u00eatre r\u00e9gl\u00e9 dans les 30 jours en cas de paiement sur facture.<\/p>\n<p>En cas de paiement par pr\u00e9l\u00e8vement SEPA de base ou par pr\u00e9l\u00e8vement SEPA interentreprises, vous nous autorisez, en donnant un mandat SEPA correspondant, \u00e0 pr\u00e9lever le montant de la facture sur le compte indiqu\u00e9. Vous recevrez un avis pr\u00e9alable (pr\u00e9-notification) au moins 5 jours avant la date de pr\u00e9l\u00e8vement. Veuillez noter que vous \u00eates tenu de veiller \u00e0 ce que le compte soit suffisamment approvisionn\u00e9 \u00e0 la date annonc\u00e9e.  <\/p>\n<p>Si vous avez des questions, vous trouverez nos coordonn\u00e9es dans les mentions l\u00e9gales.<\/li>\n<\/ul>\n<\/div>\n<\/div>\n<\/div>\n","protected":false},"excerpt":{"rendered":"<p>Paiement et livraison Les conditions suivantes s&rsquo;appliquent : Conditions d&rsquo;exp\u00e9dition La livraison est effectu\u00e9e en Allemagne (Deutschland) Frais d&rsquo;exp\u00e9dition (y [&hellip;]<\/p>\n","protected":false},"author":1,"featured_media":0,"parent":0,"menu_order":0,"comment_status":"closed","ping_status":"closed","template":"","meta":{"site-sidebar-layout":"default","site-content-layout":"","ast-site-content-layout":"default","site-content-style":"default","site-sidebar-style":"default","ast-global-header-display":"","ast-banner-title-visibility":"","ast-main-header-display":"","ast-hfb-above-header-display":"","ast-hfb-below-header-display":"","ast-hfb-mobile-header-display":"","site-post-title":"","ast-breadcrumbs-content":"","ast-featured-img":"","footer-sml-layout":"","theme-transparent-header-meta":"","adv-header-id-meta":"","stick-header-meta":"","header-above-stick-meta":"","header-main-stick-meta":"","header-below-stick-meta":"","astra-migrate-meta-layouts":"default","ast-page-background-enabled":"default","ast-page-background-meta":{"desktop":{"background-color":"var(--ast-global-color-5)","background-image":"","background-repeat":"repeat","background-position":"center center","background-size":"auto","background-attachment":"scroll","background-type":"","background-media":"","overlay-type":"","overlay-color":"","overlay-opacity":"","overlay-gradient":""},"tablet":{"background-color":"","background-image":"","background-repeat":"repeat","background-position":"center center","background-size":"auto","background-attachment":"scroll","background-type":"","background-media":"","overlay-type":"","overlay-color":"","overlay-opacity":"","overlay-gradient":""},"mobile":{"background-color":"","background-image":"","background-repeat":"repeat","background-position":"center center","background-size":"auto","background-attachment":"scroll","background-type":"","background-media":"","overlay-type":"","overlay-color":"","overlay-opacity":"","overlay-gradient":""}},"ast-content-background-meta":{"desktop":{"background-color":"var(--ast-global-color-4)","background-image":"","background-repeat":"repeat","background-position":"center center","background-size":"auto","background-attachment":"scroll","background-type":"","background-media":"","overlay-type":"","overlay-color":"","overlay-opacity":"","overlay-gradient":""},"tablet":{"background-color":"var(--ast-global-color-4)","background-image":"","background-repeat":"repeat","background-position":"center center","background-size":"auto","background-attachment":"scroll","background-type":"","background-media":"","overlay-type":"","overlay-color":"","overlay-opacity":"","overlay-gradient":""},"mobile":{"background-color":"var(--ast-global-color-4)","background-image":"","background-repeat":"repeat","background-position":"center center","background-size":"auto","background-attachment":"scroll","background-type":"","background-media":"","overlay-type":"","overlay-color":"","overlay-opacity":"","overlay-gradient":""}},"footnotes":""},"class_list":["post-8779","page","type-page","status-publish","hentry"],"_links":{"self":[{"href":"https:\/\/spanngummishop.com\/fr\/wp-json\/wp\/v2\/pages\/8779","targetHints":{"allow":["GET"]}}],"collection":[{"href":"https:\/\/spanngummishop.com\/fr\/wp-json\/wp\/v2\/pages"}],"about":[{"href":"https:\/\/spanngummishop.com\/fr\/wp-json\/wp\/v2\/types\/page"}],"author":[{"embeddable":true,"href":"https:\/\/spanngummishop.com\/fr\/wp-json\/wp\/v2\/users\/1"}],"replies":[{"embeddable":true,"href":"https:\/\/spanngummishop.com\/fr\/wp-json\/wp\/v2\/comments?post=8779"}],"version-history":[{"count":0,"href":"https:\/\/spanngummishop.com\/fr\/wp-json\/wp\/v2\/pages\/8779\/revisions"}],"wp:attachment":[{"href":"https:\/\/spanngummishop.com\/fr\/wp-json\/wp\/v2\/media?parent=8779"}],"curies":[{"name":"wp","href":"https:\/\/api.w.org\/{rel}","templated":true}]}}