{"id":8763,"date":"2024-08-19T22:11:41","date_gmt":"2024-08-19T20:11:41","guid":{"rendered":"https:\/\/spanngummishop.com\/politica-di-cancellazione-restituzione\/"},"modified":"2025-12-09T00:31:18","modified_gmt":"2025-12-08T23:31:18","slug":"politica-di-cancellazione-restituzione","status":"publish","type":"page","link":"https:\/\/spanngummishop.com\/it\/politica-di-cancellazione-restituzione\/","title":{"rendered":"Politica di cancellazione &#8211; Restituzione"},"content":{"rendered":"\n<p><\/p>\n\n<p>Il diritto di recesso non si applica ai contratti di vendita a distanza per la consegna di beni che non sono prefabbricati, che sono gi\u00e0 in fase di lavorazione e per la cui produzione \u00e8 determinante una scelta o una determinazione individuale da parte del consumatore o che sono chiaramente adattati alle esigenze personali del consumatore Se sei un imprenditore ai sensi del \u00a7 14 del Codice Civile tedesco (BGB) e stai agendo nell&#8217;esercizio della tua attivit\u00e0 commerciale o autonoma al momento della conclusione del contratto, il diritto di recesso non si applica.<\/p>\n\n<p>Diritto di recesso per i consumatori<\/p>\n\n<p>(Un consumatore \u00e8 una persona fisica che conclude un negozio giuridico per scopi prevalentemente estranei alla sua attivit\u00e0 commerciale, imprenditoriale o professionale).<\/p>\n\n<p>Politica di cancellazione<\/p>\n\n<p>Hai il diritto di annullare il presente contratto entro quattordici giorni senza fornire alcuna motivazione. Il periodo di cancellazione \u00e8 di quattordici giorni dalla data, <\/p>\n\n<p>&#8211; in cui tu o un terzo da te indicato, che non sia il vettore, abbia o abbia preso possesso dei beni, a condizione che tu abbia ordinato uno o pi\u00f9 beni come parte di un unico ordine e che questi siano o saranno consegnati in modo uniforme;<\/p>\n\n<p>&#8211; in cui tu o un terzo da te indicato, che non sia il vettore, abbia preso possesso dell&#8217;ultima merce, a condizione che tu abbia ordinato pi\u00f9 merci come parte di un unico ordine e che queste vengano consegnate separatamente;<\/p>\n\n<p>&#8211; quando tu o un terzo da te indicato, che non sia il vettore, avete preso possesso dell&#8217;ultima consegna parziale o dell&#8217;ultimo pezzo, se hai ordinato merce consegnata in pi\u00f9 consegne parziali o pezzi;<\/p>\n\n<p>Per esercitare il diritto di recesso, dovrai informarci (Thomas Kraus, Weberschlag 14a, 92729 Weiherhammer, Germania, numero di fax: 096163459990, indirizzo e-mail: widerruf@spanngummishop.de) della tua decisione di recedere dal presente contratto tramite una dichiarazione chiara (ad esempio una lettera inviata per posta, fax o e-mail). Puoi utilizzare il modulo di recesso allegato, ma non \u00e8 obbligatorio. <\/p>\n\n<p>Per rispettare il termine di cancellazione, \u00e8 sufficiente che tu invii la notifica di esercizio del diritto di cancellazione prima della scadenza del periodo di cancellazione.<\/p>\n\n<p>Conseguenze della cancellazione<\/p>\n\n<p>Se recederai dal presente contratto, ti rimborseremo tutti i pagamenti da te ricevuti, compresi i costi di consegna (ad eccezione dei costi supplementari derivanti dalla tua scelta di un tipo di consegna diverso dal tipo meno costoso di consegna standard da noi offerto), senza indebito ritardo e in ogni caso non oltre 14 giorni dal giorno in cui siamo stati informati della tua decisione di recedere dal contratto. Per questo rimborso, utilizzeremo lo stesso mezzo di pagamento che hai utilizzato per la transazione originale, a meno che non sia stato espressamente concordato diversamente con te; in nessun caso ti verr\u00e0 addebitato alcun costo per questo rimborso. <\/p>\n\n<p>Potremmo rifiutarci di rimborsarti fino a quando non avremo ricevuto la merce o fino a quando non avrai fornito la prova di averla restituita, a seconda di quale delle due condizioni si verifichi per prima.<\/p>\n\n<p>Dovrai restituirci o consegnarci i beni immediatamente e in ogni caso entro e non oltre quattordici giorni dal giorno in cui ci informi della cancellazione del contratto. Il termine \u00e8 rispettato se la merce viene spedita prima della scadenza del periodo di quattordici giorni. <\/p>\n\n<p>Il cliente dovr\u00e0 sostenere i costi diretti della restituzione dei beni che possono essere spediti tramite pacco postale e i costi diretti della restituzione dei beni che non possono essere spediti tramite pacco postale. I costi per i beni che non possono essere spediti tramite pacco postale sono stimati in un massimo di circa 60 euro. <\/p>\n\n<p>Dovrai pagare solo l&#8217;eventuale perdita di valore dei beni se questa \u00e8 dovuta a una manipolazione dei beni non necessaria per verificarne le condizioni, le propriet\u00e0 e la funzionalit\u00e0.<\/p>\n\n<p>Motivi di esclusione o cancellazione<\/p>\n\n<p>Il diritto di recesso non si applica ai contratti<\/p>\n\n<p>&#8211; Per i prodotti al metro e i tagli personalizzati e la produzione di prodotti come i nostri prodotti nella categoria &#8221;Personalizzati&#8221;.<\/p>\n\n<p>&#8211; per la consegna di beni che non sono prefabbricati e per la cui produzione \u00e8 determinante la scelta o la determinazione individuale da parte del consumatore o che sono chiaramente personalizzati in base alle esigenze personali del consumatore;<\/p>\n\n<p>&#8211; per la consegna di beni che possono deteriorarsi rapidamente o la cui data di scadenza verrebbe rapidamente superata; &#8211; per la consegna di bevande alcoliche il cui prezzo \u00e8 stato concordato al momento della stipula del contratto, ma che possono essere consegnate non prima di 30 giorni dalla stipula del contratto e il cui valore attuale dipende dalle fluttuazioni del mercato su cui l&#8217;imprenditore non ha alcuna influenza;<\/p>\n\n<p>&#8211; per la consegna di giornali, periodici o riviste, ad eccezione dei contratti di abbonamento. Il diritto di recesso scade anticipatamente per i contratti <\/p>\n\n<p>&#8211; per la consegna di beni sigillati che non si prestano ad essere restituiti per motivi di tutela della salute o di igiene, se il loro sigillo \u00e8 stato rimosso dopo la consegna;<br\/>&#8211; per la consegna di beni che, a causa della loro natura, sono stati mescolati in modo indissolubile con altri beni dopo la consegna;<br\/>&#8211; per la consegna di registrazioni audio o video o di software informatici in un pacchetto sigillato se il sigillo \u00e8 stato rimosso dopo la consegna.<\/p>\n\n<p>Esempio di modulo di cancellazione<\/p>\n\n<p>(Se desideri annullare il contratto, compila e restituisci questo modulo).<\/p>\n\n<p>&#8211; A Thomas Kraus, Gewerbegebiet Weberschlag, Weberschlag 14a, 92729 Weiherhammer, numero di fax: 096163459990, indirizzo e-mail: shop@spanngummishop.de :<\/p>\n\n<p>&#8211; Io\/noi (*) annulliamo il contratto da me\/noi (*) stipulato per l&#8217;acquisto del seguente prodotto<\/p>\n\n<p>Beni (*)\/<br\/>la fornitura del seguente servizio (*)<\/p>\n\n<p>&#8211; Ordinato il (*)\/ ricevuto il (*)<\/p>\n\n<p>&#8211; Nome del\/i consumatore\/i<br\/>&#8211; Indirizzo del\/i consumatore\/i<br\/>&#8211; Firma del\/i consumatore\/i (solo per la notifica su carta) &#8211; Data<\/p>\n\n<p>(*) Cancellare la dicitura appropriata.<\/p>\n","protected":false},"excerpt":{"rendered":"<p>Il diritto di recesso non si applica ai contratti di vendita a distanza per la consegna di beni che non [&hellip;]<\/p>\n","protected":false},"author":1,"featured_media":0,"parent":0,"menu_order":0,"comment_status":"closed","ping_status":"closed","template":"","meta":{"site-sidebar-layout":"default","site-content-layout":"","ast-site-content-layout":"default","site-content-style":"default","site-sidebar-style":"default","ast-global-header-display":"","ast-banner-title-visibility":"","ast-main-header-display":"","ast-hfb-above-header-display":"","ast-hfb-below-header-display":"","ast-hfb-mobile-header-display":"","site-post-title":"","ast-breadcrumbs-content":"","ast-featured-img":"","footer-sml-layout":"","theme-transparent-header-meta":"","adv-header-id-meta":"","stick-header-meta":"","header-above-stick-meta":"","header-main-stick-meta":"","header-below-stick-meta":"","astra-migrate-meta-layouts":"default","ast-page-background-enabled":"default","ast-page-background-meta":{"desktop":{"background-color":"var(--ast-global-color-5)","background-image":"","background-repeat":"repeat","background-position":"center center","background-size":"auto","background-attachment":"scroll","background-type":"","background-media":"","overlay-type":"","overlay-color":"","overlay-opacity":"","overlay-gradient":""},"tablet":{"background-color":"","background-image":"","background-repeat":"repeat","background-position":"center center","background-size":"auto","background-attachment":"scroll","background-type":"","background-media":"","overlay-type":"","overlay-color":"","overlay-opacity":"","overlay-gradient":""},"mobile":{"background-color":"","background-image":"","background-repeat":"repeat","background-position":"center center","background-size":"auto","background-attachment":"scroll","background-type":"","background-media":"","overlay-type":"","overlay-color":"","overlay-opacity":"","overlay-gradient":""}},"ast-content-background-meta":{"desktop":{"background-color":"var(--ast-global-color-4)","background-image":"","background-repeat":"repeat","background-position":"center center","background-size":"auto","background-attachment":"scroll","background-type":"","background-media":"","overlay-type":"","overlay-color":"","overlay-opacity":"","overlay-gradient":""},"tablet":{"background-color":"var(--ast-global-color-4)","background-image":"","background-repeat":"repeat","background-position":"center center","background-size":"auto","background-attachment":"scroll","background-type":"","background-media":"","overlay-type":"","overlay-color":"","overlay-opacity":"","overlay-gradient":""},"mobile":{"background-color":"var(--ast-global-color-4)","background-image":"","background-repeat":"repeat","background-position":"center center","background-size":"auto","background-attachment":"scroll","background-type":"","background-media":"","overlay-type":"","overlay-color":"","overlay-opacity":"","overlay-gradient":""}},"footnotes":""},"class_list":["post-8763","page","type-page","status-publish","hentry"],"_links":{"self":[{"href":"https:\/\/spanngummishop.com\/it\/wp-json\/wp\/v2\/pages\/8763","targetHints":{"allow":["GET"]}}],"collection":[{"href":"https:\/\/spanngummishop.com\/it\/wp-json\/wp\/v2\/pages"}],"about":[{"href":"https:\/\/spanngummishop.com\/it\/wp-json\/wp\/v2\/types\/page"}],"author":[{"embeddable":true,"href":"https:\/\/spanngummishop.com\/it\/wp-json\/wp\/v2\/users\/1"}],"replies":[{"embeddable":true,"href":"https:\/\/spanngummishop.com\/it\/wp-json\/wp\/v2\/comments?post=8763"}],"version-history":[{"count":0,"href":"https:\/\/spanngummishop.com\/it\/wp-json\/wp\/v2\/pages\/8763\/revisions"}],"wp:attachment":[{"href":"https:\/\/spanngummishop.com\/it\/wp-json\/wp\/v2\/media?parent=8763"}],"curies":[{"name":"wp","href":"https:\/\/api.w.org\/{rel}","templated":true}]}}