{"id":8769,"date":"2024-08-19T22:11:41","date_gmt":"2024-08-19T20:11:41","guid":{"rendered":"https:\/\/spanngummishop.com\/agb-termini-e-condizioni-generali\/"},"modified":"2025-12-09T00:31:26","modified_gmt":"2025-12-08T23:31:26","slug":"agb-termini-e-condizioni-generali","status":"publish","type":"page","link":"https:\/\/spanngummishop.com\/it\/agb-termini-e-condizioni-generali\/","title":{"rendered":"AGB &#8211; Termini e condizioni generali"},"content":{"rendered":"\n<p>Termini e condizioni generali Informazioni legali e sui clienti I. Termini e condizioni generali<br\/>\u00a7 1 Disposizioni di base<\/p>\n\n<p>(1) Le seguenti condizioni commerciali sono applicabili a tutti i contratti che l&#8217;utente conclude con noi in qualit\u00e0 di fornitore (Thomas Kraus) attraverso il sito web www.spanngummishop.de. Se non diversamente concordato, l&#8217;inclusione dei tuoi termini e condizioni, se presenti, \u00e8 rifiutata. <\/p>\n\n<p>(2) Un consumatore ai sensi delle seguenti disposizioni \u00e8 una persona fisica che conclude un negozio giuridico per scopi prevalentemente estranei alla sua attivit\u00e0 commerciale, imprenditoriale o professionale. Un imprenditore \u00e8 una persona fisica o giuridica o una societ\u00e0 di persone con capacit\u00e0 giuridica che, nel concludere un negozio giuridico, agisce nell&#8217;esercizio della propria attivit\u00e0 professionale o commerciale indipendente. <\/p>\n\n<p>\u00a7 2 Conclusione del contratto<br\/>(1) L&#8217;oggetto del contratto \u00e8 la vendita di beni.<\/p>\n\n<p>(2) Inserendo il prodotto in questione sul nostro sito web, ti facciamo un&#8217;offerta vincolante per concludere un contratto alle condizioni specificate nella descrizione dell&#8217;articolo.<\/p>\n\n<p>(3) Il contratto viene concluso tramite il sistema di carrello online come segue:<br\/>I prodotti destinati all&#8217;acquisto vengono inseriti nel &#8221;carrello&#8221;. Puoi richiamare il &#8221;carrello&#8221; tramite il pulsante corrispondente nella barra di navigazione e apportarvi modifiche in qualsiasi momento.<br\/>Dopo aver richiamato la pagina &#8221;Cassa&#8221; e aver inserito i dati personali e le condizioni di pagamento e spedizione, tutti i dati dell&#8217;ordine vengono visualizzati nuovamente nella pagina di riepilogo dell&#8217;ordine. Se utilizzi un sistema di pagamento istantaneo (ad esempio PayPal \/ PayPal Express, Amazon-Payments, Postpay, Sofort) come metodo di pagamento, verrai reindirizzato alla pagina di riepilogo dell&#8217;ordine nel nostro negozio online oppure verrai prima reindirizzato al sito web del fornitore del sistema di pagamento istantaneo.<br\/>Se vieni reindirizzato al rispettivo sistema di pagamento istantaneo, effettua la selezione appropriata o inserisci i tuoi dati. Infine, verrai reindirizzato al nostro negozio online sulla pagina di riepilogo dell&#8217;ordine.<br\/>Prima di inviare l&#8217;ordine, hai la possibilit\u00e0 di ricontrollare tutti i dettagli, modificarli (anche tramite la funzione &#8221;indietro&#8221; del browser Internet) o annullare l&#8217;acquisto.<br\/>Inviando l&#8217;ordine tramite il pulsante &#8221;ordine con obbligo di pagamento&#8221;, dichiari di accettare l&#8217;offerta in modo legalmente vincolante, concludendo cos\u00ec il contratto.   <\/p>\n\n<p>(4) Le tue richieste di informazioni sulla preparazione di un&#8217;offerta non sono vincolanti per te. Ti sottoporremo un&#8217;offerta vincolante in forma di testo (ad esempio via e-mail), che potrai accettare entro 5 giorni. <\/p>\n\n<p>(5) L&#8217;elaborazione dell&#8217;ordine e la trasmissione di tutti i dati relativi alla conclusione del contratto.<\/p>\n\n<p>Le informazioni necessarie vengono inviate via e-mail, in alcuni casi in modo automatico. Pertanto, devi assicurarti che l&#8217;indirizzo e-mail che ci hai fornito sia corretto, che la ricezione delle e-mail sia tecnicamente garantita e, in particolare, che non sia impedita dai filtri SPAM. <\/p>\n\n<p>\u00a7 3 Accordi speciali sui metodi di pagamento offerti<\/p>\n\n<p>(1) addebito diretto SEPA (addebito diretto di base e\/o aziendale)<\/p>\n\n<p>Quando paghi tramite addebito diretto SEPA Core o addebito diretto SEPA Business-to-Business, ci autorizzi a riscuotere l&#8217;importo della fattura dal conto specificato emettendo un mandato SEPA corrispondente.<br\/>L&#8217;addebito diretto sar\u00e0 riscosso entro 4 giorni dalla conclusione del contratto.<br\/>Il periodo per l&#8217;invio della pre-notifica \u00e8 ridotto a 5 giorni prima della data di scadenza. Sei tenuto ad assicurarti che il tuo conto abbia fondi sufficienti alla data di scadenza. In caso di addebito diretto restituito per colpa tua, dovrai sostenere le spese bancarie sostenute.  <\/p>\n\n<p>\u00a7 4 Diritto di ritenzione, riserva di propriet\u00e0<br\/>(1) Puoi esercitare il diritto di ritenzione solo nella misura in cui si riferisce a crediti derivanti dallo stesso contratto.<\/p>\n\n<p>rapporto contrattuale.<br\/>(2) I beni rimarranno di nostra propriet\u00e0 fino al completo pagamento del prezzo di acquisto. (3) Se sei un imprenditore, si applica anche quanto segue: <\/p>\n\n<p>a) Ci riserviamo la propriet\u00e0 della merce fino al completo pagamento di tutti i crediti derivanti dal rapporto commerciale in corso. Non sono consentiti pegni o trasferimenti di propriet\u00e0 a titolo di garanzia prima del trasferimento di propriet\u00e0 della merce riservata. <\/p>\n\n<p>b) Puoi rivendere la merce nel corso della normale attivit\u00e0 commerciale. In questo caso, ci cedi tutti i crediti pari all&#8217;importo della fattura che ti derivano dalla rivendita; noi accettiamo la cessione. Sei inoltre autorizzato a riscuotere il credito. Tuttavia, se non adempierai correttamente ai tuoi obblighi di pagamento, ci riserviamo il diritto di riscuotere noi stessi il credito.   <\/p>\n\n<p>c) Se i beni soggetti a riserva di propriet\u00e0 vengono combinati e mescolati, acquisiremo la compropriet\u00e0 del nuovo articolo nel rapporto tra il valore della fattura dei beni soggetti a riserva di propriet\u00e0 e gli altri articoli lavorati al momento della lavorazione.<\/p>\n\n<p>d) Ci impegniamo a svincolare i titoli a cui abbiamo diritto su tua richiesta nella misura in cui il valore realizzabile dei nostri titoli superi di oltre il 10% il credito da garantire. La scelta dei titoli da svincolare spetta a noi. <\/p>\n\n<p>e) Per le restituzioni, addebitiamo il 20% dell&#8217;importo dell&#8217;ordine come tassa di ripopolamento pi\u00f9 le spese di spedizione di andata. <\/p>\n\n<p>\u00a7 5 Garanzia<\/p>\n\n<p>(1) Si applica la responsabilit\u00e0 legale per i difetti.<\/p>\n\n<p>(2) In qualit\u00e0 di consumatore, ti chiediamo di controllare la merce immediatamente dopo la consegna per verificarne la completezza, i difetti evidenti e i danni da trasporto e di notificare a noi e al vettore eventuali reclami il prima possibile. In caso contrario, ci\u00f2 non avr\u00e0 alcun effetto sui tuoi diritti di garanzia previsti dalla legge. <\/p>\n\n<p>(3) Se l&#8217;utente \u00e8 un imprenditore, in deroga alle disposizioni di garanzia di cui sopra, si applicher\u00e0 quanto segue:<\/p>\n\n<p>a) Solo le nostre specifiche e la descrizione del prodotto da parte del produttore saranno ritenute accettabili come qualit\u00e0 dell&#8217;articolo, ma non altre pubblicit\u00e0, promozioni pubbliche e dichiarazioni del produttore.<\/p>\n\n<p>b) In caso di difetti, a nostra discrezione, adempieremo alla garanzia mediante rettifica o consegna successiva. Se la correzione dei difetti fallisce, potrai, a tua discrezione, richiedere una riduzione del prezzo o recedere dal contratto. La correzione dei difetti sar\u00e0 considerata fallita dopo un secondo tentativo non riuscito, a meno che la natura dell&#8217;articolo o del difetto o altre circostanze non indichino diversamente. In caso di eliminazione dei difetti, non saremo obbligati a sostenere i maggiori costi derivanti dal trasporto della merce in un luogo diverso da quello di adempimento, a condizione che il trasporto non corrisponda all&#8217;uso previsto della merce.   <\/p>\n\n<p>c) Il periodo di garanzia \u00e8 di un anno dalla consegna dei beni. L&#8217;abbreviazione del periodo non si applica: <\/p>\n\n<p>&#8211; per i danni causati in modo colposo e a noi imputabili, derivanti da lesioni alla vita, all&#8217;incolumit\u00e0 fisica o alla salute e per altri danni causati intenzionalmente o per grave negligenza;<br\/>&#8211; nel caso in cui abbiamo occultato in modo fraudolento il difetto o ci siamo assunti una garanzia per la qualit\u00e0 dell&#8217;articolo;<br\/>&#8211; per gli articoli che sono stati utilizzati per un edificio in conformit\u00e0 al loro uso normale e che ne hanno causato il difetto;<br\/>&#8211; per i diritti di rivalsa previsti dalla legge che hai nei nostri confronti in relazione ai diritti di garanzia.<\/p>\n\n<p>\u00a7 6 Scelta della legge<\/p>\n\n<p>(1) Si applica la legge tedesca. Nel caso di consumatori, questa scelta di legge si applicher\u00e0 solo nella misura in cui la protezione offerta dalle disposizioni obbligatorie della legge dello Stato in cui il consumatore risiede abitualmente non venga revocata (principio del favor rei). <\/p>\n\n<p>(2) Le disposizioni della Convenzione delle Nazioni Unite sui contratti di vendita internazionale di beni mobili non si applicano espressamente.<\/p>\n\n<pre class=\"wp-block-preformatted\">_______________________________________________________________________________________\n<\/pre>\n\n<p>II Informazioni sul cliente<\/p>\n\n<p>1. identit\u00e0 del venditore<\/p>\n\n<p>Thomas Kraus<br\/>Weberschlag 14a<br\/>92729 Weiherhammer<br\/>Germania<br\/>Telefono: 09613814600<br\/>Email: shop@spanngummishop.de<\/p>\n\n<p>Risoluzione alternativa delle controversie:<\/p>\n\n<p>La Commissione europea mette a disposizione una piattaforma per la risoluzione extragiudiziale delle controversie online (piattaforma ODR), accessibile all&#8217;indirizzo https:\/\/ec.europa.eu\/odr.<\/p>\n\n<p>2. informazioni sulla conclusione del contratto<\/p>\n\n<p>Le fasi tecniche per la conclusione del contratto, la conclusione del contratto stesso e le opzioni di correzione sono eseguite in conformit\u00e0 alle disposizioni &#8221;Conclusione del contratto&#8221; dei nostri Termini e Condizioni Generali (Parte I.).<\/p>\n\n<p>3. linguaggio del contratto, archiviazione del testo del contratto<\/p>\n\n<p>3.1. La lingua del contratto \u00e8 il tedesco.<\/p>\n\n<p>3.2. Il testo completo del contratto non viene salvato da noi. Prima di inviare l&#8217;ordine tramite il sistema di carrello online, i dati del contratto possono essere stampati utilizzando la funzione di stampa del browser o salvati elettronicamente. Dopo aver ricevuto l&#8217;ordine, i dati dell&#8217;ordine, le informazioni richieste dalla legge per i contratti di vendita a distanza e i Termini e Condizioni Generali ti saranno inviati nuovamente via e-mail.  <\/p>\n\n<p>3.3. Nel caso di richieste di preventivo al di fuori del sistema di carrello online, riceverai tutti i dati contrattuali come parte di un&#8217;offerta vincolante in forma testuale, ad esempio via e-mail, che potrai stampare o salvare elettronicamente.<\/p>\n\n<p>4. caratteristiche essenziali dei beni o servizi<\/p>\n\n<p>Le caratteristiche essenziali dei beni e\/o servizi sono riportate nella rispettiva offerta.<\/p>\n\n<p>5 Prezzi e condizioni di pagamento<\/p>\n\n<p>5.1. I prezzi indicati nelle rispettive offerte e le spese di spedizione rappresentano i prezzi totali. Essi includono tutti i componenti del prezzo, comprese le tasse applicabili. <\/p>\n\n<p>5.2. Le spese di spedizione non sono incluse nel prezzo di acquisto. Devono essere pagate tramite un&#8217;apposita <\/p>\n\n<p>Le spese di spedizione, che possono essere richiamate cliccando sul pulsante &#8221;Spese di spedizione&#8221; sul nostro sito web o nella rispettiva offerta, sono indicate separatamente durante il processo d&#8217;ordine e sono a carico dell&#8217;utente, a meno che non sia stata promessa la consegna gratuita.<\/p>\n\n<p>5.3. Le modalit\u00e0 di pagamento disponibili per l&#8217;utente sono indicate in un apposito pulsante sul nostro sito web o nella rispettiva offerta.<\/p>\n\n<p>5.4. Se non diversamente indicato nelle singole modalit\u00e0 di pagamento, le richieste di pagamento derivanti dal contratto concluso devono essere pagate immediatamente.<\/p>\n\n<p>6. termini di consegna<\/p>\n\n<p>6.1. I termini di consegna, la data di consegna e le eventuali limitazioni alla consegna sono riportati in un apposito pulsante sul nostro sito web o nella rispettiva offerta.<\/p>\n\n<p>6.2. Se sei un consumatore, la legge stabilisce che il rischio di perdita accidentale e di deterioramento accidentale dell&#8217;oggetto venduto durante la spedizione si trasferisce a te solo al momento della consegna della merce, indipendentemente dal fatto che la spedizione sia assicurata o meno. Questo non vale se hai incaricato autonomamente un&#8217;azienda di trasporto non nominata dall&#8217;imprenditore o un&#8217;altra persona designata per effettuare la spedizione. <\/p>\n\n<p>Se sei un imprenditore, la consegna e la spedizione sono a tuo rischio.<\/p>\n\n<p>7. responsabilit\u00e0 legale per i difetti<\/p>\n\n<p>La responsabilit\u00e0 per i difetti \u00e8 disciplinata dalla clausola &#8221;Garanzia&#8221; delle nostre Condizioni Generali (Parte I).<\/p>\n\n<p>I presenti termini e condizioni generali e le informazioni per i clienti sono stati redatti dagli avvocati di H\u00e4ndlerbund specializzati in diritto dell&#8217;informatica e vengono costantemente controllati per verificarne la conformit\u00e0 legale. H\u00e4ndlerbund Management AG garantisce la sicurezza legale dei testi e si assume la responsabilit\u00e0 in caso di avvisi. Puoi trovare maggiori informazioni al seguente indirizzo: https:\/\/www.haendlerbund.de\/agb-service.  <\/p>\n\n<p>ultimo aggiornamento: 07.12.2017<\/p>\n","protected":false},"excerpt":{"rendered":"<p>Termini e condizioni generali Informazioni legali e sui clienti I. Termini e condizioni generali\u00a7 1 Disposizioni di base (1) Le [&hellip;]<\/p>\n","protected":false},"author":1,"featured_media":0,"parent":0,"menu_order":0,"comment_status":"closed","ping_status":"closed","template":"","meta":{"site-sidebar-layout":"default","site-content-layout":"","ast-site-content-layout":"default","site-content-style":"default","site-sidebar-style":"default","ast-global-header-display":"","ast-banner-title-visibility":"","ast-main-header-display":"","ast-hfb-above-header-display":"","ast-hfb-below-header-display":"","ast-hfb-mobile-header-display":"","site-post-title":"","ast-breadcrumbs-content":"","ast-featured-img":"","footer-sml-layout":"","theme-transparent-header-meta":"","adv-header-id-meta":"","stick-header-meta":"","header-above-stick-meta":"","header-main-stick-meta":"","header-below-stick-meta":"","astra-migrate-meta-layouts":"default","ast-page-background-enabled":"default","ast-page-background-meta":{"desktop":{"background-color":"var(--ast-global-color-5)","background-image":"","background-repeat":"repeat","background-position":"center center","background-size":"auto","background-attachment":"scroll","background-type":"","background-media":"","overlay-type":"","overlay-color":"","overlay-opacity":"","overlay-gradient":""},"tablet":{"background-color":"","background-image":"","background-repeat":"repeat","background-position":"center center","background-size":"auto","background-attachment":"scroll","background-type":"","background-media":"","overlay-type":"","overlay-color":"","overlay-opacity":"","overlay-gradient":""},"mobile":{"background-color":"","background-image":"","background-repeat":"repeat","background-position":"center center","background-size":"auto","background-attachment":"scroll","background-type":"","background-media":"","overlay-type":"","overlay-color":"","overlay-opacity":"","overlay-gradient":""}},"ast-content-background-meta":{"desktop":{"background-color":"var(--ast-global-color-4)","background-image":"","background-repeat":"repeat","background-position":"center center","background-size":"auto","background-attachment":"scroll","background-type":"","background-media":"","overlay-type":"","overlay-color":"","overlay-opacity":"","overlay-gradient":""},"tablet":{"background-color":"var(--ast-global-color-4)","background-image":"","background-repeat":"repeat","background-position":"center center","background-size":"auto","background-attachment":"scroll","background-type":"","background-media":"","overlay-type":"","overlay-color":"","overlay-opacity":"","overlay-gradient":""},"mobile":{"background-color":"var(--ast-global-color-4)","background-image":"","background-repeat":"repeat","background-position":"center center","background-size":"auto","background-attachment":"scroll","background-type":"","background-media":"","overlay-type":"","overlay-color":"","overlay-opacity":"","overlay-gradient":""}},"footnotes":""},"class_list":["post-8769","page","type-page","status-publish","hentry"],"_links":{"self":[{"href":"https:\/\/spanngummishop.com\/it\/wp-json\/wp\/v2\/pages\/8769","targetHints":{"allow":["GET"]}}],"collection":[{"href":"https:\/\/spanngummishop.com\/it\/wp-json\/wp\/v2\/pages"}],"about":[{"href":"https:\/\/spanngummishop.com\/it\/wp-json\/wp\/v2\/types\/page"}],"author":[{"embeddable":true,"href":"https:\/\/spanngummishop.com\/it\/wp-json\/wp\/v2\/users\/1"}],"replies":[{"embeddable":true,"href":"https:\/\/spanngummishop.com\/it\/wp-json\/wp\/v2\/comments?post=8769"}],"version-history":[{"count":0,"href":"https:\/\/spanngummishop.com\/it\/wp-json\/wp\/v2\/pages\/8769\/revisions"}],"wp:attachment":[{"href":"https:\/\/spanngummishop.com\/it\/wp-json\/wp\/v2\/media?parent=8769"}],"curies":[{"name":"wp","href":"https:\/\/api.w.org\/{rel}","templated":true}]}}