{"id":8777,"date":"2024-08-19T22:11:41","date_gmt":"2024-08-19T20:11:41","guid":{"rendered":"https:\/\/spanngummishop.com\/metodi-di-pagamento\/"},"modified":"2025-12-09T00:31:44","modified_gmt":"2025-12-08T23:31:44","slug":"metodi-di-pagamento","status":"publish","type":"page","link":"https:\/\/spanngummishop.com\/it\/metodi-di-pagamento\/","title":{"rendered":"Metodi di pagamento"},"content":{"rendered":"<div class=\"page\">\n<div class=\"layoutArea\">\n<div class=\"column\">\n<p>Pagamento e spedizione<\/p>\n<\/div>\n<\/div>\n<div class=\"layoutArea\">\n<div class=\"column\">\n<p>Si applicano le seguenti condizioni:<\/p>\n<p>Condizioni di spedizione<\/p>\n<p>Consegne nazionali (Germania)<br \/>\nCosti di spedizione (IVA inclusa)<br \/>\nConsegne nazionali (Germania):<br \/>\nLe spese di spedizione ammontano a 8,42 \u20ac per ordine.<\/p>\n<p>* (1) La consegna il giorno successivo \u00e8 possibile in Germania con un costo aggiuntivo (soggetto a disponibilit\u00e0 di magazzino). Le consegne il giorno successivo sono possibili solo dal luned\u00ec al venerd\u00ec. Le consegne il sabato non sono disponibili. Soggetto a vendita preventiva.<br \/>\nConsegne all&#8217;estero:<br \/>\nCalcoliamo i costi di spedizione all&#8217;estero in base al valore dell&#8217;ordine (valore lordo della merce):   <\/p>\n<p>Mancata consegna delle consegne<\/p>\n<p>Se la merce non pu\u00f2 essere consegnata al cliente per i seguenti motivi, verranno addebitati i costi elencati di seguito:<\/p>\n<ul>\n<li>Non trovato pi\u00f9 volte durante il tentativo di consegna<\/li>\n<li>Rifiuto di accettare la consegna<\/li>\n<li>Dati errati per l&#8217;indirizzo di consegna<\/li>\n<li>Fine del periodo di stoccaggio negozio di pacchi o deposito<\/li>\n<\/ul>\n<p>Costi<\/p>\n<ul>\n<li>Cambio di indirizzo tramite servizio pacchi \u20ac 5,95<\/li>\n<li>Restituzione della merce 8,95 \u20ac<\/li>\n<li>Consegna aggiuntiva 6,90 \u20ac<\/li>\n<li>Spese di gestione 5,95 \u20ac<\/li>\n<li>Spese di contrassegno 11,95 \u20ac<\/li>\n<\/ul>\n<p>Addebitiamo una tariffa forfettaria di 15\u20ac pi\u00f9 IVA per le riprenotazioni &#8211; chargeback, pagamenti errati e doppi pagamenti ecc. di cui non siamo responsabili e che non influiscono sul diritto ufficiale di restituzione. <\/p>\n<p>Tempi di consegna<\/p>\n<p>Se nell&#8217;offerta non \u00e8 specificato un altro termine, la merce sar\u00e0 consegnata entro 1-5 giorni in Germania ed entro 2-7 giorni per le consegne all&#8217;estero dopo la conclusione del contratto (se \u00e8 stato concordato un pagamento anticipato, dopo il momento dell&#8217;ordine di pagamento). Si prega di notare che non \u00e8 prevista la consegna la domenica e nei giorni festivi. <\/p>\n<p>Se hai ordinato articoli con tempi di consegna diversi, spediremo la merce in un&#8217;unica spedizione, a meno che non abbiamo preso altri accordi con te. In questo caso, il tempo di consegna \u00e8 determinato dall&#8217;articolo con il tempo di consegna pi\u00f9 lungo che hai ordinato. <\/p>\n<p>Se ritiri tu stesso la merce, ti informeremo via e-mail quando la merce \u00e8 pronta e quando potrai ritirarla. In questo caso, non verranno addebitate le spese di spedizione. <\/p>\n<p>Condizioni di pagamento<br \/>\nPer le consegne nazionali (Germania) hai a disposizione le seguenti opzioni di pagamento:<\/p>\n<p>&#8211; Pagamento in contanti al momento del ritiro<br \/>\n&#8211; Pagamento anticipato tramite bonifico bancario<br \/>\n&#8211; Pagamento in contanti alla consegna (pi\u00f9 spese di contrassegno pari a \u20ac6,90) &#8211; Pagamento tramite addebito diretto SEPA Core<br \/>\n&#8211; Pagamento tramite PayPal<br \/>\n&#8211; Pagamento tramite PayPal (carta di credito, addebito diretto, fattura)<\/p>\n<\/div>\n<\/div>\n<\/div>\n<div class=\"page\">\n<div class=\"layoutArea\">\n<div class=\"column\">\n<ul>\n<li>&#8211; Pagamento tramite fattura<\/li>\n<li>&#8211; Pagamento con Sofort<br \/>\n&#8211; Pagamento con amazon payments<\/p>\n<p>Per le consegne all&#8217;estero hai a disposizione le seguenti opzioni di pagamento:<\/li>\n<\/ul>\n<ul>\n<li>&#8211; Pagamento anticipato tramite bonifico bancario<\/li>\n<li>&#8211; Pagamento con PayPal<\/li>\n<li>&#8211; Pagamento tramite PayPal (carta di credito, addebito diretto, fattura)<\/li>\n<li>&#8211; Pagamento con Sofort<\/li>\n<li>&#8211; Pagamento tramite amazon payments\n<p>Ulteriori dettagli sul pagamento<\/p>\n<p>L&#8217;importo della fattura deve essere saldato entro 30 giorni in caso di pagamento in acconto.<\/p>\n<p>Quando paghi tramite addebito diretto SEPA Core o addebito diretto SEPA Business-to-Business, ci autorizzi a riscuotere l&#8217;importo della fattura dal conto specificato emettendo un mandato SEPA corrispondente. Riceverai una pre-notifica almeno 5 giorni prima della data di incasso dell&#8217;addebito diretto. Ti preghiamo di notare che sei obbligato a garantire la presenza di fondi sufficienti sul conto alla data annunciata.  <\/p>\n<p>Se hai domande, troverai i nostri recapiti nell&#8217;impronta.<\/li>\n<\/ul>\n<\/div>\n<\/div>\n<\/div>\n","protected":false},"excerpt":{"rendered":"<p>Pagamento e spedizione Si applicano le seguenti condizioni: Condizioni di spedizione Consegne nazionali (Germania) Costi di spedizione (IVA inclusa) Consegne [&hellip;]<\/p>\n","protected":false},"author":1,"featured_media":0,"parent":0,"menu_order":0,"comment_status":"closed","ping_status":"closed","template":"","meta":{"site-sidebar-layout":"default","site-content-layout":"","ast-site-content-layout":"default","site-content-style":"default","site-sidebar-style":"default","ast-global-header-display":"","ast-banner-title-visibility":"","ast-main-header-display":"","ast-hfb-above-header-display":"","ast-hfb-below-header-display":"","ast-hfb-mobile-header-display":"","site-post-title":"","ast-breadcrumbs-content":"","ast-featured-img":"","footer-sml-layout":"","theme-transparent-header-meta":"","adv-header-id-meta":"","stick-header-meta":"","header-above-stick-meta":"","header-main-stick-meta":"","header-below-stick-meta":"","astra-migrate-meta-layouts":"default","ast-page-background-enabled":"default","ast-page-background-meta":{"desktop":{"background-color":"var(--ast-global-color-5)","background-image":"","background-repeat":"repeat","background-position":"center center","background-size":"auto","background-attachment":"scroll","background-type":"","background-media":"","overlay-type":"","overlay-color":"","overlay-opacity":"","overlay-gradient":""},"tablet":{"background-color":"","background-image":"","background-repeat":"repeat","background-position":"center center","background-size":"auto","background-attachment":"scroll","background-type":"","background-media":"","overlay-type":"","overlay-color":"","overlay-opacity":"","overlay-gradient":""},"mobile":{"background-color":"","background-image":"","background-repeat":"repeat","background-position":"center center","background-size":"auto","background-attachment":"scroll","background-type":"","background-media":"","overlay-type":"","overlay-color":"","overlay-opacity":"","overlay-gradient":""}},"ast-content-background-meta":{"desktop":{"background-color":"var(--ast-global-color-4)","background-image":"","background-repeat":"repeat","background-position":"center center","background-size":"auto","background-attachment":"scroll","background-type":"","background-media":"","overlay-type":"","overlay-color":"","overlay-opacity":"","overlay-gradient":""},"tablet":{"background-color":"var(--ast-global-color-4)","background-image":"","background-repeat":"repeat","background-position":"center center","background-size":"auto","background-attachment":"scroll","background-type":"","background-media":"","overlay-type":"","overlay-color":"","overlay-opacity":"","overlay-gradient":""},"mobile":{"background-color":"var(--ast-global-color-4)","background-image":"","background-repeat":"repeat","background-position":"center center","background-size":"auto","background-attachment":"scroll","background-type":"","background-media":"","overlay-type":"","overlay-color":"","overlay-opacity":"","overlay-gradient":""}},"footnotes":""},"class_list":["post-8777","page","type-page","status-publish","hentry"],"_links":{"self":[{"href":"https:\/\/spanngummishop.com\/it\/wp-json\/wp\/v2\/pages\/8777","targetHints":{"allow":["GET"]}}],"collection":[{"href":"https:\/\/spanngummishop.com\/it\/wp-json\/wp\/v2\/pages"}],"about":[{"href":"https:\/\/spanngummishop.com\/it\/wp-json\/wp\/v2\/types\/page"}],"author":[{"embeddable":true,"href":"https:\/\/spanngummishop.com\/it\/wp-json\/wp\/v2\/users\/1"}],"replies":[{"embeddable":true,"href":"https:\/\/spanngummishop.com\/it\/wp-json\/wp\/v2\/comments?post=8777"}],"version-history":[{"count":0,"href":"https:\/\/spanngummishop.com\/it\/wp-json\/wp\/v2\/pages\/8777\/revisions"}],"wp:attachment":[{"href":"https:\/\/spanngummishop.com\/it\/wp-json\/wp\/v2\/media?parent=8777"}],"curies":[{"name":"wp","href":"https:\/\/api.w.org\/{rel}","templated":true}]}}