{"id":9218,"date":"2025-09-14T15:15:16","date_gmt":"2025-09-14T13:15:16","guid":{"rendered":"https:\/\/spanngummishop.com\/produkt\/brache-a-espansione-con-ganci-a-spirale-130mm-250mm-grigio-25-pezzi\/"},"modified":"2025-09-14T15:15:16","modified_gmt":"2025-09-14T13:15:16","slug":"brache-a-espansione-con-ganci-a-spirale-130mm-250mm-grigio-25-pezzi","status":"publish","type":"product","link":"https:\/\/spanngummishop.com\/it\/produkt\/brache-a-espansione-con-ganci-a-spirale-130mm-250mm-grigio-25-pezzi\/","title":{"rendered":"Brache a espansione con ganci a spirale 130mm &#8211; 250mm grigio &#8211; 25 pezzi"},"content":{"rendered":"<div class=\"artikelbeschreibung\" style=\"font-size: 13px; line-height: 1.4rem;\">\n<h2>Gomma espansa con ganci a spirale &#8211; fissaggio affidabile per teloni e altro ancora<\/h2>\n<p>La <strong>gomma elastica con ganci a spirale<\/strong> \u00e8 una delle soluzioni pi\u00f9 popolari quando si tratta di fissare in modo sicuro, flessibile e duraturo teloni, coperture e merci da trasporto. Che si tratti di <g id=\"gid_1\">gomma per tendere i rimorchi<\/g>, di <g id=\"gid_2\">tenditori per teloni con ganci<\/g> o di <g id=\"gid_3\">corda per espandere i teloni<\/g>, la combinazione di gomma elastica e gancio a spirale robusto offre la massima capacit\u00e0 di carico, una facile gestione e un&#8217;ampia gamma di applicazioni. Chiunque voglia fissare i propri teloni in modo professionale si affida a questo tipo di fissaggio.  <\/p>\n<h2>Indice dei contenuti<\/h2>\n<ul>\n<li><a href=\"#vorteile\">Vantaggi della gomma espansibile con ganci a spirale<\/a><\/li>\n<li><a href=\"#varianten\">Varianti e dimensioni<\/a><\/li>\n<li><a href=\"#anwendungsbereiche\">Aree di applicazione tipiche<\/a><\/li>\n<li><a href=\"#qualitaetsmerkmale\">Caratteristiche e materiali di qualit\u00e0<\/a><\/li>\n<li><a href=\"#pflege\">Cura e conservazione corretta<\/a><\/li>\n<li><a href=\"#faq\">FAQ &#8211; Domande frequenti<\/a><\/li>\n<\/ul>\n<h2 id=\"vorteile\">Vantaggi della gomma espansibile con ganci a spirale<\/h2>\n<p>Un <strong>espansore in gomma con gancio a spirale<\/strong> combina la flessibilit\u00e0 di una corda in gomma di alta qualit\u00e0 con la stabilit\u00e0 di un gancio robusto. Questo si traduce in numerosi vantaggi: <\/p>\n<ul>\n<li><strong>Attacco rapido<\/strong> &#8211; semplice da appendere a occhielli o cornici.<\/li>\n<li><strong>Elevata elasticit\u00e0<\/strong>: perfetta tenuta al vento, alle intemperie e al movimento.<\/li>\n<li><strong>Lunga durata<\/strong> &#8211; grazie ai materiali resistenti ai raggi UV e alle intemperie.<\/li>\n<li><strong>Utilizzo versatile<\/strong>: come <em>tenditore per teloni<\/em>, <em>elastico per tende<\/em>, <em>elastico per striscioni<\/em> o <em>corda di espansione per rimorchi<\/em>.<\/li>\n<\/ul>\n<h2 id=\"varianten\">Varianti e dimensioni<\/h2>\n<p>Le <strong>cinghie di espansione con ganci a spirale<\/strong> sono disponibili in numerosi design, che le rendono adatte a qualsiasi esigenza. Le varianti tipiche sono <\/p>\n<ul>\n<li>Diametro: 6 mm, 8 mm e 10 mm<\/li>\n<li>Lunghezze: 130 mm, 180 mm, 200 mm, 250 mm<\/li>\n<li>Colori: nero, bianco, colori neon (giallo neon, arancione neon, verde neon, blu royal)<\/li>\n<li>Tipi di ganci: ganci a spirale in metallo (rivestiti in plastica per proteggere dalla ruggine)<\/li>\n<\/ul>\n<p>Ci\u00f2 significa che le <em>cinghie elastiche con ganci a spirale<\/em> possono essere adattate individualmente e utilizzate per scopi diversi: dal tensionamento leggero di piccoli teloni al fissaggio robusto di grandi teloni per camion o rimorchi.<\/p>\n<h2 id=\"anwendungsbereiche\">Aree di applicazione tipiche<\/h2>\n<p>Le <strong>cinghie di espansione con ganci a spirale<\/strong> sono dei veri e propri tuttofare. Vengono spesso utilizzate per <\/p>\n<ul>\n<li>Fissaggio di teloni per auto e camion<\/li>\n<li>Copertura per barche, moto e macchine<\/li>\n<li>Installazione di banner nel settore pubblicitario<\/li>\n<li>Tende, padiglioni e strutture per eventi<\/li>\n<li>Agricoltura (fissaggio di teloni per fieno e insilati)<\/li>\n<li>Orticoltura (coperture e teloni)<\/li>\n<\/ul>\n<p>Ci\u00f2 significa che una <strong>cinghia di tensione con ganci a spirale<\/strong> non \u00e8 solo indispensabile per l&#8217;uso professionale nel settore dei trasporti, ma \u00e8 anche una soluzione di fissaggio flessibile per artigiani, organizzatori di eventi e utenti privati.<\/p>\n<h2 id=\"qualitaetsmerkmale\">Caratteristiche e materiali di qualit\u00e0<\/h2>\n<p>Il materiale e la lavorazione giocano un ruolo fondamentale nel garantire che le <strong>cinghie di espansione con ganci a spirale<\/strong> durino a lungo: <\/p>\n<ul>\n<li><strong>Resistenza ai raggi UV<\/strong> &#8211; protegge la corda di gomma dall&#8217;infragilimento causato dalla luce solare.<\/li>\n<li><strong>Resistenza all&#8217;acqua<\/strong> &#8211; previene la ruggine e la debolezza del materiale se esposto all&#8217;umidit\u00e0.<\/li>\n<li><strong>Resistenza allo strappo<\/strong> &#8211; garantisce una tenuta permanente anche in presenza di carichi elevati.<\/li>\n<li><strong>Rivestimento in plastica del gancio<\/strong> &#8211; protegge dalla corrosione e dai danni al telone.<\/li>\n<\/ul>\n<h2 id=\"pflege\">Cura e conservazione corretta<\/h2>\n<p>Per prolungare la vita utile dei <strong>gommini espansori con ganci a spirale<\/strong>, essi dovrebbero: <\/p>\n<ul>\n<li>dopo l&#8217;uso deve essere conservato all&#8217;asciutto<\/li>\n<li>non sono permanentemente sottoposti a sforzi di trazione<\/li>\n<li>essere controllato regolarmente per verificare l&#8217;assenza di crepe o danni<\/li>\n<li>essere sostituiti immediatamente se usurati<\/li>\n<\/ul>\n<p>In questo modo si mantiene la massima elasticit\u00e0 e l&#8217;allacciatura \u00e8 sempre sicura.<\/p>\n<h2 id=\"faq\">FAQ &#8211; Domande frequenti<\/h2>\n<h3>1. che lunghezza deve avere una cinghia di espansione con ganci a spirale?<\/h3>\n<p>Questo dipende dal telone e dai punti di fissaggio. Le lunghezze tipiche sono 130 mm, 180 mm, 200 mm e 250 mm. <\/p>\n<h3>2. \u00e8 possibile accorciare singolarmente i gommini dell&#8217;espansore?<\/h3>\n<p>S\u00ec, le corde di gomma possono essere tagliate alla lunghezza desiderata e dotate di nuovi ganci a spirale.<\/p>\n<h3>3. i ganci sono antiruggine?<\/h3>\n<p>I ganci a spirale sono solitamente rivestiti in plastica e quindi resistenti alla corrosione: perfetti per l&#8217;uso all&#8217;aperto.<\/p>\n<h3>4. di quante gomme espansive hai bisogno per un telone da rimorchio?<\/h3>\n<p>Per i rimorchi di piccole dimensioni sono sufficienti 20-25 pezzi, mentre per i teloni di grandi autocarri se ne consigliano 40 o pi\u00f9.<\/p>\n<h3>5. Le cinghie di espansione con ganci a spirale sono disponibili in vari colori?<\/h3>\n<p>S\u00ec, oltre al bianco e al nero, sono disponibili anche colori neon come il giallo neon, l&#8217;arancione neon, il verde neon e il blu royal.<\/p>\n<h3>6. i gommini di espansione sono resistenti alle intemperie?<\/h3>\n<p>I modelli di alta qualit\u00e0 sono resistenti ai raggi UV e all&#8217;acqua, il che li rende ideali per l&#8217;uso all&#8217;aperto.<\/p>\n<h3>7 In cosa differiscono i ganci a spirale dai ganci a S?<\/h3>\n<p>Gli ami a spirale offrono una presa particolarmente salda grazie alla rotazione, mentre gli ami a S possono essere agganciati pi\u00f9 rapidamente.<\/p>\n<h3>8 Dove si usano spesso le cinghie di espansione con ganci a spirale?<\/h3>\n<p>Soprattutto nell&#8217;industria dei trasporti, nell&#8217;agricoltura, nel settore degli eventi e nel settore privato per tende e coperture.<\/p>\n<h3>9. ogni quanto tempo vanno sostituiti i gommini?<\/h3>\n<p>A seconda del livello di utilizzo, consigliamo di controllare i tenditori in gomma ogni 1-2 anni e di sostituirli immediatamente se sono usurati.<\/p>\n<h3>10 Quali sono i vantaggi dei ganci a spirale rispetto ad altri tipi di ganci?<\/h3>\n<p>Sono particolarmente robusti, durevoli e il loro design garantisce una connessione salda e sicura.<\/p>\n<\/div>\n","protected":false},"excerpt":{"rendered":"<h2>Gomme di espansione Ganci a spirale<\/h2>\n<p>Flessibile, resistente e versatile. Ideale per fissare rapidamente teloni, reti o striscioni. <\/p>\n","protected":false},"featured_media":3317,"comment_status":"open","ping_status":"closed","template":"","meta":{"site-sidebar-layout":"default","site-content-layout":"","ast-site-content-layout":"default","site-content-style":"default","site-sidebar-style":"default","ast-global-header-display":"","ast-banner-title-visibility":"","ast-main-header-display":"","ast-hfb-above-header-display":"","ast-hfb-below-header-display":"","ast-hfb-mobile-header-display":"","site-post-title":"disabled","ast-breadcrumbs-content":"","ast-featured-img":"","footer-sml-layout":"","theme-transparent-header-meta":"default","adv-header-id-meta":"","stick-header-meta":"","header-above-stick-meta":"","header-main-stick-meta":"","header-below-stick-meta":"","astra-migrate-meta-layouts":"default","ast-page-background-enabled":"default","ast-page-background-meta":{"desktop":{"background-color":"var(--ast-global-color-5)","background-image":"","background-repeat":"repeat","background-position":"center center","background-size":"auto","background-attachment":"scroll","background-type":"","background-media":"","overlay-type":"","overlay-color":"","overlay-opacity":"","overlay-gradient":""},"tablet":{"background-color":"","background-image":"","background-repeat":"repeat","background-position":"center center","background-size":"auto","background-attachment":"scroll","background-type":"","background-media":"","overlay-type":"","overlay-color":"","overlay-opacity":"","overlay-gradient":""},"mobile":{"background-color":"","background-image":"","background-repeat":"repeat","background-position":"center center","background-size":"auto","background-attachment":"scroll","background-type":"","background-media":"","overlay-type":"","overlay-color":"","overlay-opacity":"","overlay-gradient":""}},"ast-content-background-meta":{"desktop":{"background-color":"var(--ast-global-color-4)","background-image":"","background-repeat":"repeat","background-position":"center center","background-size":"auto","background-attachment":"scroll","background-type":"","background-media":"","overlay-type":"","overlay-color":"","overlay-opacity":"","overlay-gradient":""},"tablet":{"background-color":"var(--ast-global-color-4)","background-image":"","background-repeat":"repeat","background-position":"center center","background-size":"auto","background-attachment":"scroll","background-type":"","background-media":"","overlay-type":"","overlay-color":"","overlay-opacity":"","overlay-gradient":""},"mobile":{"background-color":"var(--ast-global-color-4)","background-image":"","background-repeat":"repeat","background-position":"center center","background-size":"auto","background-attachment":"scroll","background-type":"","background-media":"","overlay-type":"","overlay-color":"","overlay-opacity":"","overlay-gradient":""}}},"product_brand":[],"product_cat":[773],"product_tag":[774],"class_list":{"0":"post-9218","1":"product","2":"type-product","3":"status-publish","4":"has-post-thumbnail","6":"product_cat-gomme-espansive-con-ganci-a-spirale","7":"product_tag-gomma-espansa-con-ganci-a-spirale","8":"desktop-align-left","9":"tablet-align-left","10":"mobile-align-left","11":"tm-no-options","13":"first","14":"instock","15":"taxable","16":"shipping-taxable","17":"purchasable","18":"product-type-variable","19":"has-default-attributes"},"tiered_pricing_type":"fixed","tiered_pricing_fixed_rules":[],"tiered_pricing_product_settings":{"layout":"default","base_unit_name":{"singular":null,"plural":null},"default_variation":null},"tiered_pricing_minimum_quantity":null,"tiered_pricing_roles_data":[],"tiered_pricing_percentage_rules":[],"_links":{"self":[{"href":"https:\/\/spanngummishop.com\/it\/wp-json\/wp\/v2\/product\/9218","targetHints":{"allow":["GET"]}}],"collection":[{"href":"https:\/\/spanngummishop.com\/it\/wp-json\/wp\/v2\/product"}],"about":[{"href":"https:\/\/spanngummishop.com\/it\/wp-json\/wp\/v2\/types\/product"}],"replies":[{"embeddable":true,"href":"https:\/\/spanngummishop.com\/it\/wp-json\/wp\/v2\/comments?post=9218"}],"version-history":[{"count":0,"href":"https:\/\/spanngummishop.com\/it\/wp-json\/wp\/v2\/product\/9218\/revisions"}],"wp:featuredmedia":[{"embeddable":true,"href":"https:\/\/spanngummishop.com\/it\/wp-json\/wp\/v2\/media\/3317"}],"wp:attachment":[{"href":"https:\/\/spanngummishop.com\/it\/wp-json\/wp\/v2\/media?parent=9218"}],"wp:term":[{"taxonomy":"product_brand","embeddable":true,"href":"https:\/\/spanngummishop.com\/it\/wp-json\/wp\/v2\/product_brand?post=9218"},{"taxonomy":"product_cat","embeddable":true,"href":"https:\/\/spanngummishop.com\/it\/wp-json\/wp\/v2\/product_cat?post=9218"},{"taxonomy":"product_tag","embeddable":true,"href":"https:\/\/spanngummishop.com\/it\/wp-json\/wp\/v2\/product_tag?post=9218"}],"curies":[{"name":"wp","href":"https:\/\/api.w.org\/{rel}","templated":true}]}}